{"id":1000,"date":"2024-01-10T09:58:05","date_gmt":"2024-01-10T08:58:05","guid":{"rendered":"https:\/\/www.mobilofficefurniture.it\/storage\/"},"modified":"2024-01-16T09:51:06","modified_gmt":"2024-01-16T08:51:06","slug":"rangement","status":"publish","type":"page","link":"https:\/\/www.mobilofficefurniture.it\/fr\/rangement\/","title":{"rendered":"Rangement"},"content":{"rendered":"\n<div style=\"height:50px\" aria-hidden=\"true\" class=\"wp-block-spacer\"><\/div>\n\n\n\n<div class=\"wp-block-group is-style-container\">\n<h1 class=\"wp-block-heading is-style-BigTitle\">rangement<\/h1>\n<\/div>\n\n\n\n<div style=\"height:40px\" aria-hidden=\"true\" class=\"wp-block-spacer\"><\/div>\n\n\n\n<div class=\"wp-block-group is-style-containerfluid\">\n<figure class=\"wp-block-image alignfull size-full\"><img loading=\"lazy\" decoding=\"async\" width=\"1920\" height=\"1357\" src=\"https:\/\/www.mobilofficefurniture.it\/wp-content\/uploads\/2024\/01\/Contenitori-HALIT-assieme-1.jpg\" alt=\"\" class=\"wp-image-277\" srcset=\"https:\/\/www.mobilofficefurniture.it\/wp-content\/uploads\/2024\/01\/Contenitori-HALIT-assieme-1.jpg 1920w, https:\/\/www.mobilofficefurniture.it\/wp-content\/uploads\/2024\/01\/Contenitori-HALIT-assieme-1-1600x1131.jpg 1600w, https:\/\/www.mobilofficefurniture.it\/wp-content\/uploads\/2024\/01\/Contenitori-HALIT-assieme-1-768x543.jpg 768w, https:\/\/www.mobilofficefurniture.it\/wp-content\/uploads\/2024\/01\/Contenitori-HALIT-assieme-1-1536x1086.jpg 1536w, https:\/\/www.mobilofficefurniture.it\/wp-content\/uploads\/2024\/01\/Contenitori-HALIT-assieme-1-600x424.jpg 600w\" sizes=\"auto, (max-width: 1920px) 100vw, 1920px\" \/><\/figure>\n<\/div>\n\n\n\n<div class=\"wp-block-group is-style-container NegativeMarginTop-5\">\n<div class=\"wp-block-columns are-vertically-aligned-center\">\n<div class=\"wp-block-column is-vertically-aligned-center\" style=\"flex-basis:33.33%\">\n<img decoding=\"async\" class=\"ArrowDownOnMobile\" src=\"\/wp-content\/uploads\/2024\/01\/arrow-down-black.svg\">\n\n\n\n<figure class=\"wp-block-image size-medium\"><img loading=\"lazy\" decoding=\"async\" width=\"1131\" height=\"1600\" src=\"https:\/\/www.mobilofficefurniture.it\/wp-content\/uploads\/2024\/01\/Contenitori-prima-1131x1600.jpg\" alt=\"\" class=\"wp-image-279\" srcset=\"https:\/\/www.mobilofficefurniture.it\/wp-content\/uploads\/2024\/01\/Contenitori-prima-1131x1600.jpg 1131w, https:\/\/www.mobilofficefurniture.it\/wp-content\/uploads\/2024\/01\/Contenitori-prima-768x1087.jpg 768w, https:\/\/www.mobilofficefurniture.it\/wp-content\/uploads\/2024\/01\/Contenitori-prima-1086x1536.jpg 1086w, https:\/\/www.mobilofficefurniture.it\/wp-content\/uploads\/2024\/01\/Contenitori-prima-424x600.jpg 424w, https:\/\/www.mobilofficefurniture.it\/wp-content\/uploads\/2024\/01\/Contenitori-prima.jpg 1357w\" sizes=\"auto, (max-width: 1131px) 100vw, 1131px\" \/><\/figure>\n<\/div>\n\n\n\n<div class=\"wp-block-column is-vertically-aligned-center\" style=\"flex-basis:66.66%\">\n<p class=\"has-normal-font-size\">Les compartiments de rangement Point compl\u00e8tent la gamme des \u00e9l\u00e9ments de service au poste de travail en diff\u00e9rentes hauteurs et largeurs.<\/p>\n<\/div>\n<\/div>\n<\/div>\n\n\n\n<div style=\"height:50px\" aria-hidden=\"true\" class=\"wp-block-spacer\"><\/div>\n\n\n\n<div class=\"wp-block-group is-style-container\">\n<p class=\"has-text-align-center\"><strong>Metal<\/strong><\/p>\n\n\n\n<div style=\"height:20px\" aria-hidden=\"true\" class=\"wp-block-spacer\"><\/div>\n\n\n\n<div class=\"wp-block-group max-width-50 MarginAuto\">\n<div class=\"wp-block-columns\">\n<div class=\"wp-block-column\">\n<figure class=\"wp-block-image aligncenter size-full\"><img loading=\"lazy\" decoding=\"async\" width=\"115\" height=\"115\" src=\"https:\/\/www.mobilofficefurniture.it\/wp-content\/uploads\/2024\/01\/bianco.jpg\" alt=\"\" class=\"wp-image-294\"\/><\/figure>\n\n\n\n<p class=\"has-text-align-center\">blanc<\/p>\n<\/div>\n\n\n\n<div class=\"wp-block-column\">\n<figure class=\"wp-block-image aligncenter size-full\"><img loading=\"lazy\" decoding=\"async\" width=\"115\" height=\"115\" src=\"https:\/\/www.mobilofficefurniture.it\/wp-content\/uploads\/2024\/01\/antracite.jpg\" alt=\"\" class=\"wp-image-295\"\/><\/figure>\n\n\n\n<p class=\"has-text-align-center\">anthracite<\/p>\n<\/div>\n<\/div>\n<\/div>\n<\/div>\n\n\n\n<div style=\"height:50px\" aria-hidden=\"true\" class=\"wp-block-spacer\"><\/div>\n\n\n\n<div class=\"wp-block-group is-style-containerfluid\">\n<figure class=\"wp-block-image alignfull size-full\"><img loading=\"lazy\" decoding=\"async\" width=\"1920\" height=\"1357\" src=\"https:\/\/www.mobilofficefurniture.it\/wp-content\/uploads\/2024\/01\/Contenitori-HALIT-assieme-1.jpg\" alt=\"\" class=\"wp-image-277\" srcset=\"https:\/\/www.mobilofficefurniture.it\/wp-content\/uploads\/2024\/01\/Contenitori-HALIT-assieme-1.jpg 1920w, https:\/\/www.mobilofficefurniture.it\/wp-content\/uploads\/2024\/01\/Contenitori-HALIT-assieme-1-1600x1131.jpg 1600w, https:\/\/www.mobilofficefurniture.it\/wp-content\/uploads\/2024\/01\/Contenitori-HALIT-assieme-1-768x543.jpg 768w, https:\/\/www.mobilofficefurniture.it\/wp-content\/uploads\/2024\/01\/Contenitori-HALIT-assieme-1-1536x1086.jpg 1536w, https:\/\/www.mobilofficefurniture.it\/wp-content\/uploads\/2024\/01\/Contenitori-HALIT-assieme-1-600x424.jpg 600w\" sizes=\"auto, (max-width: 1920px) 100vw, 1920px\" \/><\/figure>\n<\/div>\n\n\n\n<div style=\"height:50px\" aria-hidden=\"true\" class=\"wp-block-spacer\"><\/div>\n\n\n\n<div class=\"wp-block-group is-style-container\">\n<div class=\"wp-block-columns\">\n<div class=\"wp-block-column\">\n<div class=\"wp-block-group max-width-80\">\n<p class=\"has-normal-font-size\">Contenir et archiver avec Halite. Les diff\u00e9rentes formes, types, utilisations et capacit\u00e9s font du compartiment de rangement Halite un \u00e9l\u00e9ment fondamental pour compl\u00e9ter la gamme et les demandes des bureaux propos\u00e9s.<\/p>\n\n\n\n<p class=\"has-normal-font-size\">Biblioth\u00e8ques en m\u00e9tal ou en bois. Un jeu de pleins et de vides, des \u00e9l\u00e9ments d\u2019ameublement \u00e0 forte personnalit\u00e9 qui compl\u00e8tent l\u2019ameublement.<\/p>\n<\/div>\n\n\n\n<div style=\"height:30px\" aria-hidden=\"true\" class=\"wp-block-spacer\"><\/div>\n\n\n\n<figure class=\"wp-block-image size-full\"><img loading=\"lazy\" decoding=\"async\" width=\"1920\" height=\"1357\" src=\"https:\/\/www.mobilofficefurniture.it\/wp-content\/uploads\/2024\/01\/Contenitori-Libreria-metallo-1.jpg\" alt=\"\" class=\"wp-image-278\" srcset=\"https:\/\/www.mobilofficefurniture.it\/wp-content\/uploads\/2024\/01\/Contenitori-Libreria-metallo-1.jpg 1920w, https:\/\/www.mobilofficefurniture.it\/wp-content\/uploads\/2024\/01\/Contenitori-Libreria-metallo-1-1600x1131.jpg 1600w, https:\/\/www.mobilofficefurniture.it\/wp-content\/uploads\/2024\/01\/Contenitori-Libreria-metallo-1-768x543.jpg 768w, https:\/\/www.mobilofficefurniture.it\/wp-content\/uploads\/2024\/01\/Contenitori-Libreria-metallo-1-1536x1086.jpg 1536w, https:\/\/www.mobilofficefurniture.it\/wp-content\/uploads\/2024\/01\/Contenitori-Libreria-metallo-1-600x424.jpg 600w\" sizes=\"auto, (max-width: 1920px) 100vw, 1920px\" \/><\/figure>\n<\/div>\n\n\n\n<div class=\"wp-block-column\">\n<figure class=\"wp-block-image size-full\"><img loading=\"lazy\" decoding=\"async\" width=\"1920\" height=\"1920\" src=\"https:\/\/www.mobilofficefurniture.it\/wp-content\/uploads\/2024\/01\/Contenitori-dett-cerniera-2.jpg\" alt=\"\" class=\"wp-image-276\" srcset=\"https:\/\/www.mobilofficefurniture.it\/wp-content\/uploads\/2024\/01\/Contenitori-dett-cerniera-2.jpg 1920w, https:\/\/www.mobilofficefurniture.it\/wp-content\/uploads\/2024\/01\/Contenitori-dett-cerniera-2-1600x1600.jpg 1600w, https:\/\/www.mobilofficefurniture.it\/wp-content\/uploads\/2024\/01\/Contenitori-dett-cerniera-2-150x150.jpg 150w, https:\/\/www.mobilofficefurniture.it\/wp-content\/uploads\/2024\/01\/Contenitori-dett-cerniera-2-768x768.jpg 768w, https:\/\/www.mobilofficefurniture.it\/wp-content\/uploads\/2024\/01\/Contenitori-dett-cerniera-2-1536x1536.jpg 1536w, https:\/\/www.mobilofficefurniture.it\/wp-content\/uploads\/2024\/01\/Contenitori-dett-cerniera-2-600x600.jpg 600w\" sizes=\"auto, (max-width: 1920px) 100vw, 1920px\" \/><\/figure>\n<\/div>\n<\/div>\n\n\n\n<div class=\"wp-block-columns\">\n<div class=\"wp-block-column\" style=\"flex-basis:20%\"><\/div>\n\n\n\n<div class=\"wp-block-column\" style=\"flex-basis:80%\"><\/div>\n<\/div>\n<\/div>\n\n\n\n<div style=\"height:50px\" aria-hidden=\"true\" class=\"wp-block-spacer\"><\/div>\n\n\n\n<div class=\"wp-block-cover alignfull\"><span aria-hidden=\"true\" class=\"wp-block-cover__background has-background-dim-80 has-background-dim\"><\/span><img loading=\"lazy\" decoding=\"async\" width=\"1920\" height=\"900\" class=\"wp-block-cover__image-background wp-image-103\" alt=\"\" src=\"https:\/\/www.mobilofficefurniture.it\/wp-content\/uploads\/2024\/01\/Scrivanie-operative-header.jpg\" data-object-fit=\"cover\" srcset=\"https:\/\/www.mobilofficefurniture.it\/wp-content\/uploads\/2024\/01\/Scrivanie-operative-header.jpg 1920w, https:\/\/www.mobilofficefurniture.it\/wp-content\/uploads\/2024\/01\/Scrivanie-operative-header-1600x750.jpg 1600w, https:\/\/www.mobilofficefurniture.it\/wp-content\/uploads\/2024\/01\/Scrivanie-operative-header-768x360.jpg 768w, https:\/\/www.mobilofficefurniture.it\/wp-content\/uploads\/2024\/01\/Scrivanie-operative-header-1536x720.jpg 1536w, https:\/\/www.mobilofficefurniture.it\/wp-content\/uploads\/2024\/01\/Scrivanie-operative-header-600x281.jpg 600w\" sizes=\"auto, (max-width: 1920px) 100vw, 1920px\" \/><div class=\"wp-block-cover__inner-container\">\n<div class=\"wp-block-group is-style-container\">\n<div style=\"height:40px\" aria-hidden=\"true\" class=\"wp-block-spacer\"><\/div>\n\n\n\n<p class=\"is-style-BigTitle\">Ces produits vous int\u00e9ressent?<\/p>\n\n\n\n<div style=\"height:5px\" aria-hidden=\"true\" class=\"wp-block-spacer\"><\/div>\n\n\n\n<p>\u00c9crivez-nous ici et nous vous donnerons toutes les informations que vous recherchez<\/p>\n\n\n\n<div class=\"wp-block-group max-width-70\">\n<div class=\"wp-block-contact-form-7-contact-form-selector\">\n<div class=\"wpcf7 no-js\" id=\"wpcf7-f990-o1\" lang=\"fr-FR\" dir=\"ltr\" data-wpcf7-id=\"990\">\n<div class=\"screen-reader-response\"><p role=\"status\" aria-live=\"polite\" aria-atomic=\"true\"><\/p> <ul><\/ul><\/div>\n<form action=\"\/fr\/wp-json\/wp\/v2\/pages\/1000#wpcf7-f990-o1\" method=\"post\" class=\"wpcf7-form init\" aria-label=\"Formulaire de contact\" novalidate=\"novalidate\" data-status=\"init\">\n<fieldset class=\"hidden-fields-container\"><input type=\"hidden\" name=\"_wpcf7\" value=\"990\" \/><input type=\"hidden\" name=\"_wpcf7_version\" value=\"6.1.5\" \/><input type=\"hidden\" name=\"_wpcf7_locale\" value=\"fr_FR\" \/><input type=\"hidden\" name=\"_wpcf7_unit_tag\" value=\"wpcf7-f990-o1\" \/><input type=\"hidden\" name=\"_wpcf7_container_post\" value=\"0\" \/><input type=\"hidden\" name=\"_wpcf7_posted_data_hash\" value=\"\" \/>\n<\/fieldset>\n<p><a href=\"mailto:info@mobilofficefurniture.it\" style=\"color:#FFF;\">info@mobilofficefurniture.it<\/a>\n<\/p><div class=\"wpcf7-response-output\" aria-hidden=\"true\"><\/div>\n<\/form>\n<\/div>\n<\/div>\n<\/div>\n\n\n\n<div style=\"height:40px\" aria-hidden=\"true\" class=\"wp-block-spacer\"><\/div>\n<\/div>\n<\/div><\/div>\n","protected":false},"excerpt":{"rendered":"<p>rangement Les compartiments de rangement Point compl\u00e8tent la gamme des \u00e9l\u00e9ments de service au poste de travail en diff\u00e9rentes hauteurs et largeurs. Metal blanc anthracite Contenir et archiver avec Halite. Les diff\u00e9rentes formes, types, utilisations et capacit\u00e9s font du compartiment de rangement Halite un \u00e9l\u00e9ment fondamental pour compl\u00e9ter la gamme et les demandes des bureaux [&hellip;]<\/p>\n","protected":false},"author":1,"featured_media":853,"parent":0,"menu_order":0,"comment_status":"closed","ping_status":"closed","template":"","meta":{"_acf_changed":false,"inline_featured_image":false,"footnotes":""},"class_list":["post-1000","page","type-page","status-publish","has-post-thumbnail","hentry"],"acf":[],"yoast_head":"<title>Mobil Office Furniture - Rangement<\/title>\n<meta name=\"description\" content=\"Les compartiments de rangement Point compl\u00e8tent la gamme des \u00e9l\u00e9ments de service au poste de travail en diff\u00e9rentes hauteurs et largeurs. Contenir et archiver avec Halite. Les diff\u00e9rentes formes, types, utilisations et capacit\u00e9s font du compartiment de rangement Halite un \u00e9l\u00e9ment fondamental pour compl\u00e9ter la gamme et les demandes des bureaux propos\u00e9s. Biblioth\u00e8ques en m\u00e9tal ou en bois. Un jeu de pleins et de vides, des \u00e9l\u00e9ments d\u2019ameublement \u00e0 forte personnalit\u00e9 qui compl\u00e8tent l\u2019ameublement.\" \/>\n<meta name=\"robots\" content=\"index, follow, max-snippet:-1, max-image-preview:large, max-video-preview:-1\" \/>\n<link rel=\"canonical\" href=\"https:\/\/www.mobilofficefurniture.it\/fr\/rangement\/\" \/>\n<meta property=\"og:locale\" content=\"fr_FR\" \/>\n<meta property=\"og:type\" content=\"article\" \/>\n<meta property=\"og:title\" content=\"Mobil Office Furniture - Rangement\" \/>\n<meta property=\"og:description\" content=\"Les compartiments de rangement Point compl\u00e8tent la gamme des \u00e9l\u00e9ments de service au poste de travail en diff\u00e9rentes hauteurs et largeurs. Contenir et archiver avec Halite. Les diff\u00e9rentes formes, types, utilisations et capacit\u00e9s font du compartiment de rangement Halite un \u00e9l\u00e9ment fondamental pour compl\u00e9ter la gamme et les demandes des bureaux propos\u00e9s. Biblioth\u00e8ques en m\u00e9tal ou en bois. Un jeu de pleins et de vides, des \u00e9l\u00e9ments d\u2019ameublement \u00e0 forte personnalit\u00e9 qui compl\u00e8tent l\u2019ameublement.\" \/>\n<meta property=\"og:url\" content=\"https:\/\/www.mobilofficefurniture.it\/fr\/rangement\/\" \/>\n<meta property=\"og:site_name\" content=\"Mobil Office Furniture\" \/>\n<meta property=\"article:modified_time\" content=\"2024-01-16T08:51:06+00:00\" \/>\n<meta property=\"og:image\" content=\"https:\/\/www.mobilofficefurniture.it\/wp-content\/uploads\/2024\/01\/Contenitori-prima.jpg\" \/>\n\t<meta property=\"og:image:width\" content=\"1357\" \/>\n\t<meta property=\"og:image:height\" content=\"1920\" \/>\n\t<meta property=\"og:image:type\" content=\"image\/jpeg\" \/>\n<meta name=\"twitter:card\" content=\"summary_large_image\" \/>\n<meta name=\"twitter:label1\" content=\"Dur\u00e9e de lecture estim\u00e9e\" \/>\n\t<meta name=\"twitter:data1\" content=\"3 minutes\" \/>\n<script type=\"application\/ld+json\" class=\"yoast-schema-graph\">{\"@context\":\"https:\/\/schema.org\",\"@graph\":[{\"@type\":\"WebPage\",\"@id\":\"https:\/\/www.mobilofficefurniture.it\/fr\/rangement\/\",\"url\":\"https:\/\/www.mobilofficefurniture.it\/fr\/rangement\/\",\"name\":\"Mobil Office Furniture - Rangement\",\"isPartOf\":{\"@id\":\"https:\/\/www.mobilofficefurniture.it\/fr\/#website\"},\"primaryImageOfPage\":{\"@id\":\"https:\/\/www.mobilofficefurniture.it\/fr\/rangement\/#primaryimage\"},\"image\":{\"@id\":\"https:\/\/www.mobilofficefurniture.it\/fr\/rangement\/#primaryimage\"},\"thumbnailUrl\":\"https:\/\/www.mobilofficefurniture.it\/wp-content\/uploads\/2024\/01\/Contenitori-prima.jpg\",\"datePublished\":\"2024-01-10T08:58:05+00:00\",\"dateModified\":\"2024-01-16T08:51:06+00:00\",\"description\":\"Les compartiments de rangement Point compl\u00e8tent la gamme des \u00e9l\u00e9ments de service au poste de travail en diff\u00e9rentes hauteurs et largeurs. Contenir et archiver avec Halite. Les diff\u00e9rentes formes, types, utilisations et capacit\u00e9s font du compartiment de rangement Halite un \u00e9l\u00e9ment fondamental pour compl\u00e9ter la gamme et les demandes des bureaux propos\u00e9s. Biblioth\u00e8ques en m\u00e9tal ou en bois. Un jeu de pleins et de vides, des \u00e9l\u00e9ments d\u2019ameublement \u00e0 forte personnalit\u00e9 qui compl\u00e8tent l\u2019ameublement.\",\"breadcrumb\":{\"@id\":\"https:\/\/www.mobilofficefurniture.it\/fr\/rangement\/#breadcrumb\"},\"inLanguage\":\"fr-FR\",\"potentialAction\":[{\"@type\":\"ReadAction\",\"target\":[\"https:\/\/www.mobilofficefurniture.it\/fr\/rangement\/\"]}]},{\"@type\":\"ImageObject\",\"inLanguage\":\"fr-FR\",\"@id\":\"https:\/\/www.mobilofficefurniture.it\/fr\/rangement\/#primaryimage\",\"url\":\"https:\/\/www.mobilofficefurniture.it\/wp-content\/uploads\/2024\/01\/Contenitori-prima.jpg\",\"contentUrl\":\"https:\/\/www.mobilofficefurniture.it\/wp-content\/uploads\/2024\/01\/Contenitori-prima.jpg\",\"width\":1357,\"height\":1920},{\"@type\":\"BreadcrumbList\",\"@id\":\"https:\/\/www.mobilofficefurniture.it\/fr\/rangement\/#breadcrumb\",\"itemListElement\":[{\"@type\":\"ListItem\",\"position\":1,\"name\":\"Home\",\"item\":\"https:\/\/www.mobilofficefurniture.it\/fr\/\"},{\"@type\":\"ListItem\",\"position\":2,\"name\":\"Rangement\"}]},{\"@type\":\"WebSite\",\"@id\":\"https:\/\/www.mobilofficefurniture.it\/fr\/#website\",\"url\":\"https:\/\/www.mobilofficefurniture.it\/fr\/\",\"name\":\"Mobile Office Furniture\",\"description\":\"Sistemi d\u2019arredo per uffici direzionali e operativi\",\"publisher\":{\"@id\":\"https:\/\/www.mobilofficefurniture.it\/fr\/#organization\"},\"alternateName\":\"Mobile Office Furniture - Sistemi d\u2019arredo per uffici direzionali e operativi\",\"potentialAction\":[{\"@type\":\"SearchAction\",\"target\":{\"@type\":\"EntryPoint\",\"urlTemplate\":\"https:\/\/www.mobilofficefurniture.it\/fr\/?s={search_term_string}\"},\"query-input\":{\"@type\":\"PropertyValueSpecification\",\"valueRequired\":true,\"valueName\":\"search_term_string\"}}],\"inLanguage\":\"fr-FR\"},{\"@type\":\"Organization\",\"@id\":\"https:\/\/www.mobilofficefurniture.it\/fr\/#organization\",\"name\":\"Mobile Office Furniture\",\"url\":\"https:\/\/www.mobilofficefurniture.it\/fr\/\",\"logo\":{\"@type\":\"ImageObject\",\"inLanguage\":\"fr-FR\",\"@id\":\"https:\/\/www.mobilofficefurniture.it\/fr\/#\/schema\/logo\/image\/\",\"url\":\"https:\/\/www.mobilofficefurniture.it\/wp-content\/uploads\/2024\/01\/mobilofficefurniture-logo.svg\",\"contentUrl\":\"https:\/\/www.mobilofficefurniture.it\/wp-content\/uploads\/2024\/01\/mobilofficefurniture-logo.svg\",\"width\":300,\"height\":32,\"caption\":\"Mobile Office Furniture\"},\"image\":{\"@id\":\"https:\/\/www.mobilofficefurniture.it\/fr\/#\/schema\/logo\/image\/\"}}]}<\/script>","yoast_head_json":{"title":"Mobil Office Furniture - Rangement","description":"Les compartiments de rangement Point compl\u00e8tent la gamme des \u00e9l\u00e9ments de service au poste de travail en diff\u00e9rentes hauteurs et largeurs. Contenir et archiver avec Halite. Les diff\u00e9rentes formes, types, utilisations et capacit\u00e9s font du compartiment de rangement Halite un \u00e9l\u00e9ment fondamental pour compl\u00e9ter la gamme et les demandes des bureaux propos\u00e9s. Biblioth\u00e8ques en m\u00e9tal ou en bois. Un jeu de pleins et de vides, des \u00e9l\u00e9ments d\u2019ameublement \u00e0 forte personnalit\u00e9 qui compl\u00e8tent l\u2019ameublement.","robots":{"index":"index","follow":"follow","max-snippet":"max-snippet:-1","max-image-preview":"max-image-preview:large","max-video-preview":"max-video-preview:-1"},"canonical":"https:\/\/www.mobilofficefurniture.it\/fr\/rangement\/","og_locale":"fr_FR","og_type":"article","og_title":"Mobil Office Furniture - Rangement","og_description":"Les compartiments de rangement Point compl\u00e8tent la gamme des \u00e9l\u00e9ments de service au poste de travail en diff\u00e9rentes hauteurs et largeurs. Contenir et archiver avec Halite. Les diff\u00e9rentes formes, types, utilisations et capacit\u00e9s font du compartiment de rangement Halite un \u00e9l\u00e9ment fondamental pour compl\u00e9ter la gamme et les demandes des bureaux propos\u00e9s. Biblioth\u00e8ques en m\u00e9tal ou en bois. Un jeu de pleins et de vides, des \u00e9l\u00e9ments d\u2019ameublement \u00e0 forte personnalit\u00e9 qui compl\u00e8tent l\u2019ameublement.","og_url":"https:\/\/www.mobilofficefurniture.it\/fr\/rangement\/","og_site_name":"Mobil Office Furniture","article_modified_time":"2024-01-16T08:51:06+00:00","og_image":[{"width":1357,"height":1920,"url":"https:\/\/www.mobilofficefurniture.it\/wp-content\/uploads\/2024\/01\/Contenitori-prima.jpg","type":"image\/jpeg"}],"twitter_card":"summary_large_image","twitter_misc":{"Dur\u00e9e de lecture estim\u00e9e":"3 minutes"},"schema":{"@context":"https:\/\/schema.org","@graph":[{"@type":"WebPage","@id":"https:\/\/www.mobilofficefurniture.it\/fr\/rangement\/","url":"https:\/\/www.mobilofficefurniture.it\/fr\/rangement\/","name":"Mobil Office Furniture - Rangement","isPartOf":{"@id":"https:\/\/www.mobilofficefurniture.it\/fr\/#website"},"primaryImageOfPage":{"@id":"https:\/\/www.mobilofficefurniture.it\/fr\/rangement\/#primaryimage"},"image":{"@id":"https:\/\/www.mobilofficefurniture.it\/fr\/rangement\/#primaryimage"},"thumbnailUrl":"https:\/\/www.mobilofficefurniture.it\/wp-content\/uploads\/2024\/01\/Contenitori-prima.jpg","datePublished":"2024-01-10T08:58:05+00:00","dateModified":"2024-01-16T08:51:06+00:00","description":"Les compartiments de rangement Point compl\u00e8tent la gamme des \u00e9l\u00e9ments de service au poste de travail en diff\u00e9rentes hauteurs et largeurs. Contenir et archiver avec Halite. Les diff\u00e9rentes formes, types, utilisations et capacit\u00e9s font du compartiment de rangement Halite un \u00e9l\u00e9ment fondamental pour compl\u00e9ter la gamme et les demandes des bureaux propos\u00e9s. Biblioth\u00e8ques en m\u00e9tal ou en bois. Un jeu de pleins et de vides, des \u00e9l\u00e9ments d\u2019ameublement \u00e0 forte personnalit\u00e9 qui compl\u00e8tent l\u2019ameublement.","breadcrumb":{"@id":"https:\/\/www.mobilofficefurniture.it\/fr\/rangement\/#breadcrumb"},"inLanguage":"fr-FR","potentialAction":[{"@type":"ReadAction","target":["https:\/\/www.mobilofficefurniture.it\/fr\/rangement\/"]}]},{"@type":"ImageObject","inLanguage":"fr-FR","@id":"https:\/\/www.mobilofficefurniture.it\/fr\/rangement\/#primaryimage","url":"https:\/\/www.mobilofficefurniture.it\/wp-content\/uploads\/2024\/01\/Contenitori-prima.jpg","contentUrl":"https:\/\/www.mobilofficefurniture.it\/wp-content\/uploads\/2024\/01\/Contenitori-prima.jpg","width":1357,"height":1920},{"@type":"BreadcrumbList","@id":"https:\/\/www.mobilofficefurniture.it\/fr\/rangement\/#breadcrumb","itemListElement":[{"@type":"ListItem","position":1,"name":"Home","item":"https:\/\/www.mobilofficefurniture.it\/fr\/"},{"@type":"ListItem","position":2,"name":"Rangement"}]},{"@type":"WebSite","@id":"https:\/\/www.mobilofficefurniture.it\/fr\/#website","url":"https:\/\/www.mobilofficefurniture.it\/fr\/","name":"Mobile Office Furniture","description":"Sistemi d\u2019arredo per uffici direzionali e operativi","publisher":{"@id":"https:\/\/www.mobilofficefurniture.it\/fr\/#organization"},"alternateName":"Mobile Office Furniture - Sistemi d\u2019arredo per uffici direzionali e operativi","potentialAction":[{"@type":"SearchAction","target":{"@type":"EntryPoint","urlTemplate":"https:\/\/www.mobilofficefurniture.it\/fr\/?s={search_term_string}"},"query-input":{"@type":"PropertyValueSpecification","valueRequired":true,"valueName":"search_term_string"}}],"inLanguage":"fr-FR"},{"@type":"Organization","@id":"https:\/\/www.mobilofficefurniture.it\/fr\/#organization","name":"Mobile Office Furniture","url":"https:\/\/www.mobilofficefurniture.it\/fr\/","logo":{"@type":"ImageObject","inLanguage":"fr-FR","@id":"https:\/\/www.mobilofficefurniture.it\/fr\/#\/schema\/logo\/image\/","url":"https:\/\/www.mobilofficefurniture.it\/wp-content\/uploads\/2024\/01\/mobilofficefurniture-logo.svg","contentUrl":"https:\/\/www.mobilofficefurniture.it\/wp-content\/uploads\/2024\/01\/mobilofficefurniture-logo.svg","width":300,"height":32,"caption":"Mobile Office Furniture"},"image":{"@id":"https:\/\/www.mobilofficefurniture.it\/fr\/#\/schema\/logo\/image\/"}}]}},"_links":{"self":[{"href":"https:\/\/www.mobilofficefurniture.it\/fr\/wp-json\/wp\/v2\/pages\/1000","targetHints":{"allow":["GET"]}}],"collection":[{"href":"https:\/\/www.mobilofficefurniture.it\/fr\/wp-json\/wp\/v2\/pages"}],"about":[{"href":"https:\/\/www.mobilofficefurniture.it\/fr\/wp-json\/wp\/v2\/types\/page"}],"author":[{"embeddable":true,"href":"https:\/\/www.mobilofficefurniture.it\/fr\/wp-json\/wp\/v2\/users\/1"}],"replies":[{"embeddable":true,"href":"https:\/\/www.mobilofficefurniture.it\/fr\/wp-json\/wp\/v2\/comments?post=1000"}],"version-history":[{"count":3,"href":"https:\/\/www.mobilofficefurniture.it\/fr\/wp-json\/wp\/v2\/pages\/1000\/revisions"}],"predecessor-version":[{"id":1137,"href":"https:\/\/www.mobilofficefurniture.it\/fr\/wp-json\/wp\/v2\/pages\/1000\/revisions\/1137"}],"wp:featuredmedia":[{"embeddable":true,"href":"https:\/\/www.mobilofficefurniture.it\/fr\/wp-json\/wp\/v2\/media\/853"}],"wp:attachment":[{"href":"https:\/\/www.mobilofficefurniture.it\/fr\/wp-json\/wp\/v2\/media?parent=1000"}],"curies":[{"name":"wp","href":"https:\/\/api.w.org\/{rel}","templated":true}]}}