{"id":1002,"date":"2024-01-09T14:12:53","date_gmt":"2024-01-09T13:12:53","guid":{"rendered":"https:\/\/www.mobilofficefurniture.it\/scrivanie-operative\/"},"modified":"2024-01-16T13:58:36","modified_gmt":"2024-01-16T12:58:36","slug":"bureaux-operationnels","status":"publish","type":"page","link":"https:\/\/www.mobilofficefurniture.it\/fr\/bureaux-operationnels\/","title":{"rendered":"Bureaux op\u00e9rationnels"},"content":{"rendered":"\n<div style=\"height:50px\" aria-hidden=\"true\" class=\"wp-block-spacer\"><\/div>\n\n\n\n<div class=\"wp-block-group is-style-container\">\n<h1 class=\"wp-block-heading is-style-BigTitle\">Bureaux op\u00e9rationnels<\/h1>\n<\/div>\n\n\n\n<div style=\"height:40px\" aria-hidden=\"true\" class=\"wp-block-spacer\"><\/div>\n\n\n\n<div class=\"wp-block-group max-width-95 ms-auto\">\n<figure class=\"wp-block-image size-full AnimateZoomFromBottom\"><img loading=\"lazy\" decoding=\"async\" width=\"1920\" height=\"900\" src=\"https:\/\/www.mobilofficefurniture.it\/wp-content\/uploads\/2024\/01\/Scrivanie-operative-header.jpg\" alt=\"\" class=\"wp-image-103\" srcset=\"https:\/\/www.mobilofficefurniture.it\/wp-content\/uploads\/2024\/01\/Scrivanie-operative-header.jpg 1920w, https:\/\/www.mobilofficefurniture.it\/wp-content\/uploads\/2024\/01\/Scrivanie-operative-header-1600x750.jpg 1600w, https:\/\/www.mobilofficefurniture.it\/wp-content\/uploads\/2024\/01\/Scrivanie-operative-header-768x360.jpg 768w, https:\/\/www.mobilofficefurniture.it\/wp-content\/uploads\/2024\/01\/Scrivanie-operative-header-1536x720.jpg 1536w, https:\/\/www.mobilofficefurniture.it\/wp-content\/uploads\/2024\/01\/Scrivanie-operative-header-600x281.jpg 600w\" sizes=\"auto, (max-width: 1920px) 100vw, 1920px\" \/><\/figure>\n<\/div>\n\n\n\n<div style=\"height:20px\" aria-hidden=\"true\" class=\"wp-block-spacer\"><\/div>\n\n\n\n<div class=\"wp-block-group is-style-container\">\n<div class=\"wp-block-columns\">\n<div class=\"wp-block-column\" style=\"flex-basis:20%\">\n<div style=\"height:50px\" aria-hidden=\"true\" class=\"wp-block-spacer\"><\/div>\n\n\n\n<img decoding=\"async\" class=\"ArrowFromLeft ArrowDownOnMobile d-none d-lg-block\" src=\"\/wp-content\/uploads\/2024\/01\/arrow-right-black.svg\">\n<\/div>\n\n\n\n<div class=\"wp-block-column\" style=\"flex-basis:80%\">\n<p class=\"AnimateTextFromBottom has-normal-font-size\">Nous mettons au centre \u00ab l\u2019\u00eatre humain \u00bb et son bien-\u00eatre, en stimulant ses sens dans une exp\u00e9rience de fonctionnement et de fonctionnalit\u00e9.<\/p>\n\n\n\n<p class=\"AnimateTextFromBottom\">Transformons le bureau en une exp\u00e9rience extraordinaire gr\u00e2ce \u00e0 l\u2019innovation constante de formes et de mat\u00e9riaux, qui aident \u00e0 rendre le travail synergique entre les outils utilis\u00e9s et l\u2019\u00e9volution continue de l\u2019automatisation. Nous r\u00e9pondons aux besoins du bon travail dans le respect des personnes qui travaillent.<\/p>\n\n\n\n<div style=\"height:20px\" aria-hidden=\"true\" class=\"wp-block-spacer\"><\/div>\n\n\n\n<img decoding=\"async\" src=\"\/wp-content\/uploads\/2024\/01\/ssm-group-logo-icon.svg\" style=\"opacity:0.1;position:absolute;left:-50vw;\">\n<\/div>\n<\/div>\n\n\n\n<div style=\"height:20px\" aria-hidden=\"true\" class=\"wp-block-spacer\"><\/div>\n<\/div>\n\n\n\n<div class=\"wp-block-group OverflowHidden\">\n<div class=\"wp-block-group is-style-container\">\t\t<div class=\"ChildrenPostSwiper\">\n\t\t\t<div class=\"swiper\">\n\t\t\t\t<div class=\"swiper-wrapper\">\n\t\t\t\t\t\t\t\t\t<div class=\"swiper-slide is_SingleChildrenPost_slide\">\n\t\t\t\t\t\t<div class=\"is_SingleChildrenPost\">\n\t\t\t\t\t\t\t<a href=\"https:\/\/www.mobilofficefurniture.it\/fr\/cookie-policy\/\">\n\t\t\t\t\t\t\t\t<div class=\"childrenpost-image\">\n\t\t\t\t\t\t\t\t\t<img decoding=\"async\" src=\"\"><\/img>\n\t\t\t\t\t\t\t\t\t<div class=\"childrenpost-title-on-image\"><span>Cookie policy<\/span><\/div>\n\t\t\t\t\t\t\t\t<\/div>\n\t\t\t\t\t\t\t\t<div class=\"childrenpost-detail-wrapper\">\n\t\t\t\t\t\t\t\t\t<div class=\"childrenpost-header\"><h3>Cookie policy<\/h3><\/div>\n\t\t\t\t\t\t\t\t\t<div class=\"childrenpost-content\">\n\t\t\t\t\t\t\t\t\t\tCookie policy\t\t\t\t\t\t\t\t\t<\/div>\n\t\t\t\t\t\t\t\t<\/div>\n\t\t\t\t\t\t\t<\/a>\n\t\t\t\t\t\t<\/div>\n\t\t\t\t\t<\/div>\n\t\t\t\t\t\t\t\t\t\t<div class=\"swiper-slide is_SingleChildrenPost_slide\">\n\t\t\t\t\t\t<div class=\"is_SingleChildrenPost\">\n\t\t\t\t\t\t\t<a href=\"https:\/\/www.mobilofficefurniture.it\/fr\/contacts\/\">\n\t\t\t\t\t\t\t\t<div class=\"childrenpost-image\">\n\t\t\t\t\t\t\t\t\t<img decoding=\"async\" src=\"\"><\/img>\n\t\t\t\t\t\t\t\t\t<div class=\"childrenpost-title-on-image\"><span>Contacts<\/span><\/div>\n\t\t\t\t\t\t\t\t<\/div>\n\t\t\t\t\t\t\t\t<div class=\"childrenpost-detail-wrapper\">\n\t\t\t\t\t\t\t\t\t<div class=\"childrenpost-header\"><h3>Contacts<\/h3><\/div>\n\t\t\t\t\t\t\t\t\t<div class=\"childrenpost-content\">\n\t\t\t\t\t\t\t\t\t\tAdresses MOBIL OFFICE FURNITUREVia Tittoni,131020 Vidor (TV) &#8211; ITALY Email: info@mobilofficefurniture.itTel. +39 0423 98 89 90 MOBIL OFFICE FURNITURE \/ O\u00f9 nous sommes\t\t\t\t\t\t\t\t\t<\/div>\n\t\t\t\t\t\t\t\t<\/div>\n\t\t\t\t\t\t\t<\/a>\n\t\t\t\t\t\t<\/div>\n\t\t\t\t\t<\/div>\n\t\t\t\t\t\t\t\t\t\t<div class=\"swiper-slide is_SingleChildrenPost_slide\">\n\t\t\t\t\t\t<div class=\"is_SingleChildrenPost\">\n\t\t\t\t\t\t\t<a href=\"https:\/\/www.mobilofficefurniture.it\/fr\/news\/\">\n\t\t\t\t\t\t\t\t<div class=\"childrenpost-image\">\n\t\t\t\t\t\t\t\t\t<img decoding=\"async\" src=\"\"><\/img>\n\t\t\t\t\t\t\t\t\t<div class=\"childrenpost-title-on-image\"><span>News<\/span><\/div>\n\t\t\t\t\t\t\t\t<\/div>\n\t\t\t\t\t\t\t\t<div class=\"childrenpost-detail-wrapper\">\n\t\t\t\t\t\t\t\t\t<div class=\"childrenpost-header\"><h3>News<\/h3><\/div>\n\t\t\t\t\t\t\t\t\t<div class=\"childrenpost-content\">\n\t\t\t\t\t\t\t\t\t\t\t\t\t\t\t\t\t\t\t<\/div>\n\t\t\t\t\t\t\t\t<\/div>\n\t\t\t\t\t\t\t<\/a>\n\t\t\t\t\t\t<\/div>\n\t\t\t\t\t<\/div>\n\t\t\t\t\t\t\t\t\t\t<div class=\"swiper-slide is_SingleChildrenPost_slide\">\n\t\t\t\t\t\t<div class=\"is_SingleChildrenPost\">\n\t\t\t\t\t\t\t<a href=\"https:\/\/www.mobilofficefurniture.it\/fr\/catalogues\/\">\n\t\t\t\t\t\t\t\t<div class=\"childrenpost-image\">\n\t\t\t\t\t\t\t\t\t<img decoding=\"async\" src=\"\"><\/img>\n\t\t\t\t\t\t\t\t\t<div class=\"childrenpost-title-on-image\"><span>Catalogues<\/span><\/div>\n\t\t\t\t\t\t\t\t<\/div>\n\t\t\t\t\t\t\t\t<div class=\"childrenpost-detail-wrapper\">\n\t\t\t\t\t\t\t\t\t<div class=\"childrenpost-header\"><h3>Catalogues<\/h3><\/div>\n\t\t\t\t\t\t\t\t\t<div class=\"childrenpost-content\">\n\t\t\t\t\t\t\t\t\t\tCatalogues\t\t\t\t\t\t\t\t\t<\/div>\n\t\t\t\t\t\t\t\t<\/div>\n\t\t\t\t\t\t\t<\/a>\n\t\t\t\t\t\t<\/div>\n\t\t\t\t\t<\/div>\n\t\t\t\t\t\t\t\t\t\t<div class=\"swiper-slide is_SingleChildrenPost_slide\">\n\t\t\t\t\t\t<div class=\"is_SingleChildrenPost\">\n\t\t\t\t\t\t\t<a href=\"https:\/\/www.mobilofficefurniture.it\/fr\/entreprise\/\">\n\t\t\t\t\t\t\t\t<div class=\"childrenpost-image\">\n\t\t\t\t\t\t\t\t\t<img decoding=\"async\" src=\"\"><\/img>\n\t\t\t\t\t\t\t\t\t<div class=\"childrenpost-title-on-image\"><span>Entreprise<\/span><\/div>\n\t\t\t\t\t\t\t\t<\/div>\n\t\t\t\t\t\t\t\t<div class=\"childrenpost-detail-wrapper\">\n\t\t\t\t\t\t\t\t\t<div class=\"childrenpost-header\"><h3>Entreprise<\/h3><\/div>\n\t\t\t\t\t\t\t\t\t<div class=\"childrenpost-content\">\n\t\t\t\t\t\t\t\t\t\tEntreprise \/ Mission Mobil Office Furniture est sp\u00e9cialis\u00e9e dans la production de syst\u00e8me de fournitures soit de bureau directionnelles que op\u00e9rat-ionnelles, il produite et r\u00e9alise syst\u00e8mes de s\u00e9paration d\u2019espace et donne des projet \u201ccl\u00e9s en main\u201d soit aux \u00e9tablissements priv\u00e9 que public, en Italie et \u00e0 l\u2019\u00e9tranger. Les solutions des fournitures propos\u00e9e sont orient\u00e9e \u00e0 [&hellip;]\t\t\t\t\t\t\t\t\t<\/div>\n\t\t\t\t\t\t\t\t<\/div>\n\t\t\t\t\t\t\t<\/a>\n\t\t\t\t\t\t<\/div>\n\t\t\t\t\t<\/div>\n\t\t\t\t\t\t\t\t\t\t<div class=\"swiper-slide is_SingleChildrenPost_slide\">\n\t\t\t\t\t\t<div class=\"is_SingleChildrenPost\">\n\t\t\t\t\t\t\t<a href=\"https:\/\/www.mobilofficefurniture.it\/fr\/rangement\/\">\n\t\t\t\t\t\t\t\t<div class=\"childrenpost-image\">\n\t\t\t\t\t\t\t\t\t<img decoding=\"async\" src=\"https:\/\/www.mobilofficefurniture.it\/wp-content\/uploads\/2024\/01\/Contenitori-prima-600x800.jpg\"><\/img>\n\t\t\t\t\t\t\t\t\t<div class=\"childrenpost-title-on-image\"><span>Rangement<\/span><\/div>\n\t\t\t\t\t\t\t\t<\/div>\n\t\t\t\t\t\t\t\t<div class=\"childrenpost-detail-wrapper\">\n\t\t\t\t\t\t\t\t\t<div class=\"childrenpost-header\"><h3>Rangement<\/h3><\/div>\n\t\t\t\t\t\t\t\t\t<div class=\"childrenpost-content\">\n\t\t\t\t\t\t\t\t\t\trangement Les compartiments de rangement Point compl\u00e8tent la gamme des \u00e9l\u00e9ments de service au poste de travail en diff\u00e9rentes hauteurs et largeurs. Metal blanc anthracite Contenir et archiver avec Halite. Les diff\u00e9rentes formes, types, utilisations et capacit\u00e9s font du compartiment de rangement Halite un \u00e9l\u00e9ment fondamental pour compl\u00e9ter la gamme et les demandes des bureaux [&hellip;]\t\t\t\t\t\t\t\t\t<\/div>\n\t\t\t\t\t\t\t\t<\/div>\n\t\t\t\t\t\t\t<\/a>\n\t\t\t\t\t\t<\/div>\n\t\t\t\t\t<\/div>\n\t\t\t\t\t\t\t\t\t\t<div class=\"swiper-slide is_SingleChildrenPost_slide\">\n\t\t\t\t\t\t<div class=\"is_SingleChildrenPost\">\n\t\t\t\t\t\t\t<a href=\"https:\/\/www.mobilofficefurniture.it\/fr\/bureaux-operationnels\/\">\n\t\t\t\t\t\t\t\t<div class=\"childrenpost-image\">\n\t\t\t\t\t\t\t\t\t<img decoding=\"async\" src=\"\"><\/img>\n\t\t\t\t\t\t\t\t\t<div class=\"childrenpost-title-on-image\"><span>Bureaux op\u00e9rationnels<\/span><\/div>\n\t\t\t\t\t\t\t\t<\/div>\n\t\t\t\t\t\t\t\t<div class=\"childrenpost-detail-wrapper\">\n\t\t\t\t\t\t\t\t\t<div class=\"childrenpost-header\"><h3>Bureaux op\u00e9rationnels<\/h3><\/div>\n\t\t\t\t\t\t\t\t\t<div class=\"childrenpost-content\">\n\t\t\t\t\t\t\t\t\t\tBureaux op\u00e9rationnels Nous mettons au centre \u00ab l\u2019\u00eatre humain \u00bb et son bien-\u00eatre, en stimulant ses sens dans une exp\u00e9rience de fonctionnement et de fonctionnalit\u00e9. Transformons le bureau en une exp\u00e9rience extraordinaire gr\u00e2ce \u00e0 l\u2019innovation constante de formes et de mat\u00e9riaux, qui aident \u00e0 rendre le travail synergique entre les outils utilis\u00e9s et l\u2019\u00e9volution continue [&hellip;]\t\t\t\t\t\t\t\t\t<\/div>\n\t\t\t\t\t\t\t\t<\/div>\n\t\t\t\t\t\t\t<\/a>\n\t\t\t\t\t\t<\/div>\n\t\t\t\t\t<\/div>\n\t\t\t\t\t\t\t\t\t\t<div class=\"swiper-slide is_SingleChildrenPost_slide\">\n\t\t\t\t\t\t<div class=\"is_SingleChildrenPost\">\n\t\t\t\t\t\t\t<a href=\"https:\/\/www.mobilofficefurniture.it\/fr\/\">\n\t\t\t\t\t\t\t\t<div class=\"childrenpost-image\">\n\t\t\t\t\t\t\t\t\t<img decoding=\"async\" src=\"\"><\/img>\n\t\t\t\t\t\t\t\t\t<div class=\"childrenpost-title-on-image\"><span>Homepage<\/span><\/div>\n\t\t\t\t\t\t\t\t<\/div>\n\t\t\t\t\t\t\t\t<div class=\"childrenpost-detail-wrapper\">\n\t\t\t\t\t\t\t\t\t<div class=\"childrenpost-header\"><h3>Homepage<\/h3><\/div>\n\t\t\t\t\t\t\t\t\t<div class=\"childrenpost-content\">\n\t\t\t\t\t\t\t\t\t\tSyst\u00e8me de fournitures soit de bureau directionnelles que op\u00e9rat-ionnelles \u00ab\u00a0Mobil Office Furniture est sp\u00e9cialis\u00e9e dans la production de syst\u00e8me de fournitures soit de bureau directionnelles que op\u00e9rat-ionnelles\u00a0\u00bb Design et concept 100% made in Italy Chaque produits est projet\u00e9e, con\u00e7us et r\u00e9alis\u00e9e totalement en Italie pour assurer un \u00e9lev\u00e9 stan-dard qualitatif, avec un know-how technologique unique, [&hellip;]\t\t\t\t\t\t\t\t\t<\/div>\n\t\t\t\t\t\t\t\t<\/div>\n\t\t\t\t\t\t\t<\/a>\n\t\t\t\t\t\t<\/div>\n\t\t\t\t\t<\/div>\n\t\t\t\t\t\t\t\t\t\t<div class=\"swiper-slide is_SingleChildrenPost_slide\">\n\t\t\t\t\t\t<div class=\"is_SingleChildrenPost\">\n\t\t\t\t\t\t\t<a href=\"https:\/\/www.mobilofficefurniture.it\/fr\/privacy-policy\/\">\n\t\t\t\t\t\t\t\t<div class=\"childrenpost-image\">\n\t\t\t\t\t\t\t\t\t<img decoding=\"async\" src=\"\"><\/img>\n\t\t\t\t\t\t\t\t\t<div class=\"childrenpost-title-on-image\"><span>Privacy Policy<\/span><\/div>\n\t\t\t\t\t\t\t\t<\/div>\n\t\t\t\t\t\t\t\t<div class=\"childrenpost-detail-wrapper\">\n\t\t\t\t\t\t\t\t\t<div class=\"childrenpost-header\"><h3>Privacy Policy<\/h3><\/div>\n\t\t\t\t\t\t\t\t\t<div class=\"childrenpost-content\">\n\t\t\t\t\t\t\t\t\t\tPrivacy Policy Informations dans le cadre de l\u2019article 13 GDPR (R\u00e8glement g\u00e9n\u00e9ral sur la protection des donn\u00e9es) Spagnol Cucine, Living&amp;Bathrooms S.r.l. (\u201cSpagnol Cucine srl\u201d ou \u201cSCL&amp;B S.r.l.\u201d), ayant son si\u00e8ge \u00e0 Via Paludotti, 2 \u2013 31020 VIDOR (TV), est le Responsable du traitement des donn\u00e9es personnelles communiqu\u00e9es lors de la navigation sur le site www.spagnolcucine.it [&hellip;]\t\t\t\t\t\t\t\t\t<\/div>\n\t\t\t\t\t\t\t\t<\/div>\n\t\t\t\t\t\t\t<\/a>\n\t\t\t\t\t\t<\/div>\n\t\t\t\t\t<\/div>\n\t\t\t\t\t\t\t\t\t<\/div>\n\t\t\t<\/div>\n\t\t<\/div>\n\t\t\n<\/div>\n<\/div>\n\n\n\n<div style=\"height:100px\" aria-hidden=\"true\" class=\"wp-block-spacer\"><\/div>\n","protected":false},"excerpt":{"rendered":"<p>Bureaux op\u00e9rationnels Nous mettons au centre \u00ab l\u2019\u00eatre humain \u00bb et son bien-\u00eatre, en stimulant ses sens dans une exp\u00e9rience de fonctionnement et de fonctionnalit\u00e9. Transformons le bureau en une exp\u00e9rience extraordinaire gr\u00e2ce \u00e0 l\u2019innovation constante de formes et de mat\u00e9riaux, qui aident \u00e0 rendre le travail synergique entre les outils utilis\u00e9s et l\u2019\u00e9volution continue [&hellip;]<\/p>\n","protected":false},"author":1,"featured_media":0,"parent":0,"menu_order":1,"comment_status":"closed","ping_status":"closed","template":"","meta":{"_acf_changed":false,"inline_featured_image":false,"footnotes":""},"class_list":["post-1002","page","type-page","status-publish","hentry"],"acf":[],"yoast_head":"<title>Mobil Office Furniture - Bureaux op\u00e9rationnels<\/title>\n<meta name=\"description\" content=\"Nous mettons au centre \u00ab l\u2019\u00eatre humain \u00bb et son bien-\u00eatre, en stimulant ses sens dans une exp\u00e9rience de fonctionnement et de fonctionnalit\u00e9. Transformons le bureau en une exp\u00e9rience extraordinaire gr\u00e2ce \u00e0 l\u2019innovation constante de formes et de mat\u00e9riaux, qui aident \u00e0 rendre le travail synergique entre les outils utilis\u00e9s et l\u2019\u00e9volution continue de l\u2019automatisation. Nous r\u00e9pondons aux besoins du bon travail dans le respect des personnes qui travaillent.\" \/>\n<meta name=\"robots\" content=\"index, follow, max-snippet:-1, max-image-preview:large, max-video-preview:-1\" \/>\n<link rel=\"canonical\" href=\"https:\/\/www.mobilofficefurniture.it\/fr\/bureaux-operationnels\/\" \/>\n<meta property=\"og:locale\" content=\"fr_FR\" \/>\n<meta property=\"og:type\" content=\"article\" \/>\n<meta property=\"og:title\" content=\"Mobil Office Furniture - Bureaux op\u00e9rationnels\" \/>\n<meta property=\"og:description\" content=\"Nous mettons au centre \u00ab l\u2019\u00eatre humain \u00bb et son bien-\u00eatre, en stimulant ses sens dans une exp\u00e9rience de fonctionnement et de fonctionnalit\u00e9. Transformons le bureau en une exp\u00e9rience extraordinaire gr\u00e2ce \u00e0 l\u2019innovation constante de formes et de mat\u00e9riaux, qui aident \u00e0 rendre le travail synergique entre les outils utilis\u00e9s et l\u2019\u00e9volution continue de l\u2019automatisation. Nous r\u00e9pondons aux besoins du bon travail dans le respect des personnes qui travaillent.\" \/>\n<meta property=\"og:url\" content=\"https:\/\/www.mobilofficefurniture.it\/fr\/bureaux-operationnels\/\" \/>\n<meta property=\"og:site_name\" content=\"Mobil Office Furniture\" \/>\n<meta property=\"article:modified_time\" content=\"2024-01-16T12:58:36+00:00\" \/>\n<meta property=\"og:image\" content=\"https:\/\/www.mobilofficefurniture.it\/wp-content\/uploads\/2024\/01\/Scrivanie-operative-header.jpg\" \/>\n<meta name=\"twitter:card\" content=\"summary_large_image\" \/>\n<script type=\"application\/ld+json\" class=\"yoast-schema-graph\">{\"@context\":\"https:\/\/schema.org\",\"@graph\":[{\"@type\":\"WebPage\",\"@id\":\"https:\/\/www.mobilofficefurniture.it\/fr\/bureaux-operationnels\/\",\"url\":\"https:\/\/www.mobilofficefurniture.it\/fr\/bureaux-operationnels\/\",\"name\":\"Mobil Office Furniture - Bureaux op\u00e9rationnels\",\"isPartOf\":{\"@id\":\"https:\/\/www.mobilofficefurniture.it\/fr\/#website\"},\"primaryImageOfPage\":{\"@id\":\"https:\/\/www.mobilofficefurniture.it\/fr\/bureaux-operationnels\/#primaryimage\"},\"image\":{\"@id\":\"https:\/\/www.mobilofficefurniture.it\/fr\/bureaux-operationnels\/#primaryimage\"},\"thumbnailUrl\":\"https:\/\/www.mobilofficefurniture.it\/wp-content\/uploads\/2024\/01\/Scrivanie-operative-header.jpg\",\"datePublished\":\"2024-01-09T13:12:53+00:00\",\"dateModified\":\"2024-01-16T12:58:36+00:00\",\"description\":\"Nous mettons au centre \u00ab l\u2019\u00eatre humain \u00bb et son bien-\u00eatre, en stimulant ses sens dans une exp\u00e9rience de fonctionnement et de fonctionnalit\u00e9. Transformons le bureau en une exp\u00e9rience extraordinaire gr\u00e2ce \u00e0 l\u2019innovation constante de formes et de mat\u00e9riaux, qui aident \u00e0 rendre le travail synergique entre les outils utilis\u00e9s et l\u2019\u00e9volution continue de l\u2019automatisation. Nous r\u00e9pondons aux besoins du bon travail dans le respect des personnes qui travaillent.\",\"breadcrumb\":{\"@id\":\"https:\/\/www.mobilofficefurniture.it\/fr\/bureaux-operationnels\/#breadcrumb\"},\"inLanguage\":\"fr-FR\",\"potentialAction\":[{\"@type\":\"ReadAction\",\"target\":[\"https:\/\/www.mobilofficefurniture.it\/fr\/bureaux-operationnels\/\"]}]},{\"@type\":\"ImageObject\",\"inLanguage\":\"fr-FR\",\"@id\":\"https:\/\/www.mobilofficefurniture.it\/fr\/bureaux-operationnels\/#primaryimage\",\"url\":\"https:\/\/www.mobilofficefurniture.it\/wp-content\/uploads\/2024\/01\/Scrivanie-operative-header.jpg\",\"contentUrl\":\"https:\/\/www.mobilofficefurniture.it\/wp-content\/uploads\/2024\/01\/Scrivanie-operative-header.jpg\"},{\"@type\":\"BreadcrumbList\",\"@id\":\"https:\/\/www.mobilofficefurniture.it\/fr\/bureaux-operationnels\/#breadcrumb\",\"itemListElement\":[{\"@type\":\"ListItem\",\"position\":1,\"name\":\"Home\",\"item\":\"https:\/\/www.mobilofficefurniture.it\/fr\/\"},{\"@type\":\"ListItem\",\"position\":2,\"name\":\"Bureaux op\u00e9rationnels\"}]},{\"@type\":\"WebSite\",\"@id\":\"https:\/\/www.mobilofficefurniture.it\/fr\/#website\",\"url\":\"https:\/\/www.mobilofficefurniture.it\/fr\/\",\"name\":\"Mobile Office Furniture\",\"description\":\"Sistemi d\u2019arredo per uffici direzionali e operativi\",\"publisher\":{\"@id\":\"https:\/\/www.mobilofficefurniture.it\/fr\/#organization\"},\"alternateName\":\"Mobile Office Furniture - Sistemi d\u2019arredo per uffici direzionali e operativi\",\"potentialAction\":[{\"@type\":\"SearchAction\",\"target\":{\"@type\":\"EntryPoint\",\"urlTemplate\":\"https:\/\/www.mobilofficefurniture.it\/fr\/?s={search_term_string}\"},\"query-input\":{\"@type\":\"PropertyValueSpecification\",\"valueRequired\":true,\"valueName\":\"search_term_string\"}}],\"inLanguage\":\"fr-FR\"},{\"@type\":\"Organization\",\"@id\":\"https:\/\/www.mobilofficefurniture.it\/fr\/#organization\",\"name\":\"Mobile Office Furniture\",\"url\":\"https:\/\/www.mobilofficefurniture.it\/fr\/\",\"logo\":{\"@type\":\"ImageObject\",\"inLanguage\":\"fr-FR\",\"@id\":\"https:\/\/www.mobilofficefurniture.it\/fr\/#\/schema\/logo\/image\/\",\"url\":\"https:\/\/www.mobilofficefurniture.it\/wp-content\/uploads\/2024\/01\/mobilofficefurniture-logo.svg\",\"contentUrl\":\"https:\/\/www.mobilofficefurniture.it\/wp-content\/uploads\/2024\/01\/mobilofficefurniture-logo.svg\",\"width\":300,\"height\":32,\"caption\":\"Mobile Office Furniture\"},\"image\":{\"@id\":\"https:\/\/www.mobilofficefurniture.it\/fr\/#\/schema\/logo\/image\/\"}}]}<\/script>","yoast_head_json":{"title":"Mobil Office Furniture - Bureaux op\u00e9rationnels","description":"Nous mettons au centre \u00ab l\u2019\u00eatre humain \u00bb et son bien-\u00eatre, en stimulant ses sens dans une exp\u00e9rience de fonctionnement et de fonctionnalit\u00e9. Transformons le bureau en une exp\u00e9rience extraordinaire gr\u00e2ce \u00e0 l\u2019innovation constante de formes et de mat\u00e9riaux, qui aident \u00e0 rendre le travail synergique entre les outils utilis\u00e9s et l\u2019\u00e9volution continue de l\u2019automatisation. Nous r\u00e9pondons aux besoins du bon travail dans le respect des personnes qui travaillent.","robots":{"index":"index","follow":"follow","max-snippet":"max-snippet:-1","max-image-preview":"max-image-preview:large","max-video-preview":"max-video-preview:-1"},"canonical":"https:\/\/www.mobilofficefurniture.it\/fr\/bureaux-operationnels\/","og_locale":"fr_FR","og_type":"article","og_title":"Mobil Office Furniture - Bureaux op\u00e9rationnels","og_description":"Nous mettons au centre \u00ab l\u2019\u00eatre humain \u00bb et son bien-\u00eatre, en stimulant ses sens dans une exp\u00e9rience de fonctionnement et de fonctionnalit\u00e9. Transformons le bureau en une exp\u00e9rience extraordinaire gr\u00e2ce \u00e0 l\u2019innovation constante de formes et de mat\u00e9riaux, qui aident \u00e0 rendre le travail synergique entre les outils utilis\u00e9s et l\u2019\u00e9volution continue de l\u2019automatisation. Nous r\u00e9pondons aux besoins du bon travail dans le respect des personnes qui travaillent.","og_url":"https:\/\/www.mobilofficefurniture.it\/fr\/bureaux-operationnels\/","og_site_name":"Mobil Office Furniture","article_modified_time":"2024-01-16T12:58:36+00:00","og_image":[{"url":"https:\/\/www.mobilofficefurniture.it\/wp-content\/uploads\/2024\/01\/Scrivanie-operative-header.jpg","type":"","width":"","height":""}],"twitter_card":"summary_large_image","schema":{"@context":"https:\/\/schema.org","@graph":[{"@type":"WebPage","@id":"https:\/\/www.mobilofficefurniture.it\/fr\/bureaux-operationnels\/","url":"https:\/\/www.mobilofficefurniture.it\/fr\/bureaux-operationnels\/","name":"Mobil Office Furniture - Bureaux op\u00e9rationnels","isPartOf":{"@id":"https:\/\/www.mobilofficefurniture.it\/fr\/#website"},"primaryImageOfPage":{"@id":"https:\/\/www.mobilofficefurniture.it\/fr\/bureaux-operationnels\/#primaryimage"},"image":{"@id":"https:\/\/www.mobilofficefurniture.it\/fr\/bureaux-operationnels\/#primaryimage"},"thumbnailUrl":"https:\/\/www.mobilofficefurniture.it\/wp-content\/uploads\/2024\/01\/Scrivanie-operative-header.jpg","datePublished":"2024-01-09T13:12:53+00:00","dateModified":"2024-01-16T12:58:36+00:00","description":"Nous mettons au centre \u00ab l\u2019\u00eatre humain \u00bb et son bien-\u00eatre, en stimulant ses sens dans une exp\u00e9rience de fonctionnement et de fonctionnalit\u00e9. Transformons le bureau en une exp\u00e9rience extraordinaire gr\u00e2ce \u00e0 l\u2019innovation constante de formes et de mat\u00e9riaux, qui aident \u00e0 rendre le travail synergique entre les outils utilis\u00e9s et l\u2019\u00e9volution continue de l\u2019automatisation. Nous r\u00e9pondons aux besoins du bon travail dans le respect des personnes qui travaillent.","breadcrumb":{"@id":"https:\/\/www.mobilofficefurniture.it\/fr\/bureaux-operationnels\/#breadcrumb"},"inLanguage":"fr-FR","potentialAction":[{"@type":"ReadAction","target":["https:\/\/www.mobilofficefurniture.it\/fr\/bureaux-operationnels\/"]}]},{"@type":"ImageObject","inLanguage":"fr-FR","@id":"https:\/\/www.mobilofficefurniture.it\/fr\/bureaux-operationnels\/#primaryimage","url":"https:\/\/www.mobilofficefurniture.it\/wp-content\/uploads\/2024\/01\/Scrivanie-operative-header.jpg","contentUrl":"https:\/\/www.mobilofficefurniture.it\/wp-content\/uploads\/2024\/01\/Scrivanie-operative-header.jpg"},{"@type":"BreadcrumbList","@id":"https:\/\/www.mobilofficefurniture.it\/fr\/bureaux-operationnels\/#breadcrumb","itemListElement":[{"@type":"ListItem","position":1,"name":"Home","item":"https:\/\/www.mobilofficefurniture.it\/fr\/"},{"@type":"ListItem","position":2,"name":"Bureaux op\u00e9rationnels"}]},{"@type":"WebSite","@id":"https:\/\/www.mobilofficefurniture.it\/fr\/#website","url":"https:\/\/www.mobilofficefurniture.it\/fr\/","name":"Mobile Office Furniture","description":"Sistemi d\u2019arredo per uffici direzionali e operativi","publisher":{"@id":"https:\/\/www.mobilofficefurniture.it\/fr\/#organization"},"alternateName":"Mobile Office Furniture - Sistemi d\u2019arredo per uffici direzionali e operativi","potentialAction":[{"@type":"SearchAction","target":{"@type":"EntryPoint","urlTemplate":"https:\/\/www.mobilofficefurniture.it\/fr\/?s={search_term_string}"},"query-input":{"@type":"PropertyValueSpecification","valueRequired":true,"valueName":"search_term_string"}}],"inLanguage":"fr-FR"},{"@type":"Organization","@id":"https:\/\/www.mobilofficefurniture.it\/fr\/#organization","name":"Mobile Office Furniture","url":"https:\/\/www.mobilofficefurniture.it\/fr\/","logo":{"@type":"ImageObject","inLanguage":"fr-FR","@id":"https:\/\/www.mobilofficefurniture.it\/fr\/#\/schema\/logo\/image\/","url":"https:\/\/www.mobilofficefurniture.it\/wp-content\/uploads\/2024\/01\/mobilofficefurniture-logo.svg","contentUrl":"https:\/\/www.mobilofficefurniture.it\/wp-content\/uploads\/2024\/01\/mobilofficefurniture-logo.svg","width":300,"height":32,"caption":"Mobile Office Furniture"},"image":{"@id":"https:\/\/www.mobilofficefurniture.it\/fr\/#\/schema\/logo\/image\/"}}]}},"_links":{"self":[{"href":"https:\/\/www.mobilofficefurniture.it\/fr\/wp-json\/wp\/v2\/pages\/1002","targetHints":{"allow":["GET"]}}],"collection":[{"href":"https:\/\/www.mobilofficefurniture.it\/fr\/wp-json\/wp\/v2\/pages"}],"about":[{"href":"https:\/\/www.mobilofficefurniture.it\/fr\/wp-json\/wp\/v2\/types\/page"}],"author":[{"embeddable":true,"href":"https:\/\/www.mobilofficefurniture.it\/fr\/wp-json\/wp\/v2\/users\/1"}],"replies":[{"embeddable":true,"href":"https:\/\/www.mobilofficefurniture.it\/fr\/wp-json\/wp\/v2\/comments?post=1002"}],"version-history":[{"count":6,"href":"https:\/\/www.mobilofficefurniture.it\/fr\/wp-json\/wp\/v2\/pages\/1002\/revisions"}],"predecessor-version":[{"id":1211,"href":"https:\/\/www.mobilofficefurniture.it\/fr\/wp-json\/wp\/v2\/pages\/1002\/revisions\/1211"}],"wp:attachment":[{"href":"https:\/\/www.mobilofficefurniture.it\/fr\/wp-json\/wp\/v2\/media?parent=1002"}],"curies":[{"name":"wp","href":"https:\/\/api.w.org\/{rel}","templated":true}]}}