{"id":1016,"date":"2024-01-08T15:17:56","date_gmt":"2024-01-08T14:17:56","guid":{"rendered":"https:\/\/www.mobilofficefurniture.it\/homepage\/"},"modified":"2024-01-16T14:10:35","modified_gmt":"2024-01-16T13:10:35","slug":"homepage","status":"publish","type":"page","link":"https:\/\/www.mobilofficefurniture.it\/fr\/","title":{"rendered":"Homepage"},"content":{"rendered":"\n<div style=\"height:50px\" aria-hidden=\"true\" class=\"wp-block-spacer d-none d-lg-block\"><\/div>\n\n\n\n<div class=\"wp-block-group is-style-container\">\n<div class=\"wp-block-columns\">\n<div class=\"wp-block-column\" style=\"flex-basis:15%\">\n<img decoding=\"async\" class=\"ArrowFromLeft d-none d-lg-block\" src=\"\/wp-content\/uploads\/2024\/01\/arrow-right-black.svg\">\n<\/div>\n\n\n\n<div class=\"wp-block-column\" style=\"flex-basis:85%\">\n<div style=\"height:40px\" aria-hidden=\"true\" class=\"wp-block-spacer\"><\/div>\n\n\n\n<h1 class=\"wp-block-heading is-style-BigTitle AnimateTextFromBottom\">Syst\u00e8me de fournitures soit de bureau directionnelles que op\u00e9rat-ionnelles<\/h1>\n<\/div>\n<\/div>\n<\/div>\n\n\n\n<div class=\"wp-block-group is-style-containerfluid\">\n<figure class=\"wp-block-image alignfull size-full AnimateZoomFromBottom\"><img loading=\"lazy\" decoding=\"async\" width=\"1920\" height=\"1080\" src=\"https:\/\/www.mobilofficefurniture.it\/wp-content\/uploads\/2024\/01\/Sistemi-arredo-per-uffici-direzionali-e-operativi.jpg\" alt=\"\" class=\"wp-image-26\" srcset=\"https:\/\/www.mobilofficefurniture.it\/wp-content\/uploads\/2024\/01\/Sistemi-arredo-per-uffici-direzionali-e-operativi.jpg 1920w, https:\/\/www.mobilofficefurniture.it\/wp-content\/uploads\/2024\/01\/Sistemi-arredo-per-uffici-direzionali-e-operativi-1600x900.jpg 1600w, https:\/\/www.mobilofficefurniture.it\/wp-content\/uploads\/2024\/01\/Sistemi-arredo-per-uffici-direzionali-e-operativi-768x432.jpg 768w, https:\/\/www.mobilofficefurniture.it\/wp-content\/uploads\/2024\/01\/Sistemi-arredo-per-uffici-direzionali-e-operativi-1536x864.jpg 1536w, https:\/\/www.mobilofficefurniture.it\/wp-content\/uploads\/2024\/01\/Sistemi-arredo-per-uffici-direzionali-e-operativi-600x338.jpg 600w\" sizes=\"auto, (max-width: 1920px) 100vw, 1920px\" \/><\/figure>\n\n\n\n<div style=\"height:10px\" aria-hidden=\"true\" class=\"wp-block-spacer\"><\/div>\n\n\n\n<p>\u00ab\u00a0<em>Mobil Office Furniture est sp\u00e9cialis\u00e9e dans la production de syst\u00e8me de fournitures soit de bureau directionnelles que op\u00e9rat-ionnelles\u00a0\u00bb<\/em><\/p>\n<\/div>\n\n\n\n<div style=\"height:100px\" aria-hidden=\"true\" class=\"wp-block-spacer\"><\/div>\n\n\n\n<div class=\"wp-block-group is-style-container\">\n<div class=\"wp-block-columns TwoColumnAnimations\">\n<div class=\"wp-block-column TwoColumnAnimationsLeft\" style=\"flex-basis:33.33%\">\n<figure class=\"wp-block-image size-full\"><img loading=\"lazy\" decoding=\"async\" width=\"900\" height=\"900\" src=\"https:\/\/www.mobilofficefurniture.it\/wp-content\/uploads\/2024\/01\/made-in-italy-mobil-office-furniture.jpg\" alt=\"\" class=\"wp-image-49\" srcset=\"https:\/\/www.mobilofficefurniture.it\/wp-content\/uploads\/2024\/01\/made-in-italy-mobil-office-furniture.jpg 900w, https:\/\/www.mobilofficefurniture.it\/wp-content\/uploads\/2024\/01\/made-in-italy-mobil-office-furniture-150x150.jpg 150w, https:\/\/www.mobilofficefurniture.it\/wp-content\/uploads\/2024\/01\/made-in-italy-mobil-office-furniture-768x768.jpg 768w, https:\/\/www.mobilofficefurniture.it\/wp-content\/uploads\/2024\/01\/made-in-italy-mobil-office-furniture-600x600.jpg 600w\" sizes=\"auto, (max-width: 900px) 100vw, 900px\" \/><\/figure>\n<\/div>\n\n\n\n<div class=\"wp-block-column TwoColumnAnimationsRight\" style=\"flex-basis:66.66%\">\n<div style=\"height:20px\" aria-hidden=\"true\" class=\"wp-block-spacer\"><\/div>\n\n\n\n<p class=\"has-large-font-size\">Design et concept 100% made in Italy<\/p>\n\n\n\n<p class=\"has-large-font-size\">Chaque produits est projet\u00e9e, con\u00e7us et r\u00e9alis\u00e9e totalement en Italie pour assurer un \u00e9lev\u00e9 stan-dard qualitatif, avec un know-how technologique unique, en poursuivant une capacit\u00e9 artisanale combin\u00e9e aux \u00e9quipements hautement flexibles et polyvalentes.<\/p>\n\n\n\n<div style=\"height:50px\" aria-hidden=\"true\" class=\"wp-block-spacer\"><\/div>\n\n\n\n<div class=\"wp-block-buttons\">\n<div class=\"wp-block-button is-style-BtnWithArrow\"><a class=\"wp-block-button__link has-black-color has-text-color has-background has-link-color wp-element-button\" href=\"https:\/\/www.mobilofficefurniture.it\/fr\/entreprise\/\" style=\"background-color:#ffffff00\"><strong>\u00c0 propos de nous<\/strong><\/a><\/div>\n<\/div>\n<\/div>\n<\/div>\n<\/div>\n\n\n\n<div style=\"height:100px\" aria-hidden=\"true\" class=\"wp-block-spacer\"><\/div>\n\n\n\n<div class=\"wp-block-group is-style-container\">\n<p class=\"has-text-align-center has-palette-4-color has-text-color has-link-color has-small-font-size wp-elements-dd72ce7d6320572e39213dfa4a7040e4\"><strong>PRODUITS<\/strong><\/p>\n<\/div>\n\n\n\n<div style=\"height:20px\" aria-hidden=\"true\" class=\"wp-block-spacer\"><\/div>\n\n\n\n<div class=\"wp-block-group LayerChangeOnScrollWrapper\">\n<div class=\"wp-block-group LayerChangeOnScrollContent\">\n<div class=\"wp-block-group LayerChangeOnScrollSingle\">\n<div class=\"wp-block-cover has-white-color has-text-color has-link-color wp-elements-85680de876f4895c57be7950a41002ad\" style=\"min-height:100vh;aspect-ratio:unset;\"><span aria-hidden=\"true\" class=\"wp-block-cover__background has-background-dim-20 has-background-dim\"><\/span><img loading=\"lazy\" decoding=\"async\" width=\"1920\" height=\"1357\" class=\"wp-block-cover__image-background wp-image-184\" alt=\"\" src=\"https:\/\/www.mobilofficefurniture.it\/wp-content\/uploads\/2024\/01\/Ambiente-Spagnol-Krin-02_i15.jpg\" data-object-fit=\"cover\" srcset=\"https:\/\/www.mobilofficefurniture.it\/wp-content\/uploads\/2024\/01\/Ambiente-Spagnol-Krin-02_i15.jpg 1920w, https:\/\/www.mobilofficefurniture.it\/wp-content\/uploads\/2024\/01\/Ambiente-Spagnol-Krin-02_i15-1600x1131.jpg 1600w, https:\/\/www.mobilofficefurniture.it\/wp-content\/uploads\/2024\/01\/Ambiente-Spagnol-Krin-02_i15-768x543.jpg 768w, https:\/\/www.mobilofficefurniture.it\/wp-content\/uploads\/2024\/01\/Ambiente-Spagnol-Krin-02_i15-1536x1086.jpg 1536w, https:\/\/www.mobilofficefurniture.it\/wp-content\/uploads\/2024\/01\/Ambiente-Spagnol-Krin-02_i15-600x424.jpg 600w\" sizes=\"auto, (max-width: 1920px) 100vw, 1920px\" \/><div class=\"wp-block-cover__inner-container\">\n<div class=\"wp-block-group is-style-container\">\n<p class=\"is-style-BigTitle\">Bureaux op\u00e9rationnels<\/p>\n\n\n\n<div style=\"height:10px\" aria-hidden=\"true\" class=\"wp-block-spacer\"><\/div>\n\n\n\n<p>Nous mettons au centre \u00ab l\u2019\u00eatre humain \u00bb et son bien-\u00eatre, en stimulant ses sens dans une exp\u00e9rience de fonctionnement et de fonctionnalit\u00e9.<\/p>\n\n\n\n<div style=\"height:50px\" aria-hidden=\"true\" class=\"wp-block-spacer\"><\/div>\n\n\n\n<div class=\"wp-block-buttons\">\n<div class=\"wp-block-button is-style-BtnWithArrow HasWhiteArrow\"><a class=\"wp-block-button__link has-black-color has-white-background-color has-text-color has-background has-link-color wp-element-button\" href=\"https:\/\/www.mobilofficefurniture.it\/fr\/bureaux-operationnels\/\">D\u00e9couvrir les produits<\/a><\/div>\n<\/div>\n<\/div>\n<\/div><\/div>\n<\/div>\n\n\n\n<div class=\"wp-block-group LayerChangeOnScrollSingle\">\n<div class=\"wp-block-cover is-light has-white-color has-text-color has-link-color wp-elements-72c123b8b6b5784ce0920acfd8a4a9ec\" style=\"min-height:100vh;aspect-ratio:unset;\"><span aria-hidden=\"true\" class=\"wp-block-cover__background has-background-dim-20 has-background-dim\"><\/span><img loading=\"lazy\" decoding=\"async\" width=\"1920\" height=\"1357\" class=\"wp-block-cover__image-background wp-image-277\" alt=\"\" src=\"https:\/\/www.mobilofficefurniture.it\/wp-content\/uploads\/2024\/01\/Contenitori-HALIT-assieme-1.jpg\" data-object-fit=\"cover\" srcset=\"https:\/\/www.mobilofficefurniture.it\/wp-content\/uploads\/2024\/01\/Contenitori-HALIT-assieme-1.jpg 1920w, https:\/\/www.mobilofficefurniture.it\/wp-content\/uploads\/2024\/01\/Contenitori-HALIT-assieme-1-1600x1131.jpg 1600w, https:\/\/www.mobilofficefurniture.it\/wp-content\/uploads\/2024\/01\/Contenitori-HALIT-assieme-1-768x543.jpg 768w, https:\/\/www.mobilofficefurniture.it\/wp-content\/uploads\/2024\/01\/Contenitori-HALIT-assieme-1-1536x1086.jpg 1536w, https:\/\/www.mobilofficefurniture.it\/wp-content\/uploads\/2024\/01\/Contenitori-HALIT-assieme-1-600x424.jpg 600w\" sizes=\"auto, (max-width: 1920px) 100vw, 1920px\" \/><div class=\"wp-block-cover__inner-container\">\n<div class=\"wp-block-group is-style-container\">\n<p class=\"is-style-BigTitle\">Rangement<\/p>\n\n\n\n<div style=\"height:10px\" aria-hidden=\"true\" class=\"wp-block-spacer\"><\/div>\n\n\n\n<p>Les compartiments de rangement Point compl\u00e8tent la gamme des \u00e9l\u00e9ments de service au poste de travail en diff\u00e9rentes hauteurs et largeurs.<\/p>\n\n\n\n<div style=\"height:50px\" aria-hidden=\"true\" class=\"wp-block-spacer\"><\/div>\n\n\n\n<div class=\"wp-block-buttons\">\n<div class=\"wp-block-button is-style-BtnWithArrow HasWhiteArrow\"><a class=\"wp-block-button__link has-black-color has-white-background-color has-text-color has-background has-link-color wp-element-button\" href=\"https:\/\/www.mobilofficefurniture.it\/fr\/rangement\/\">D\u00e9couvrir les produits<\/a><\/div>\n<\/div>\n<\/div>\n<\/div><\/div>\n<\/div>\n<\/div>\n<\/div>\n\n\n\n<img decoding=\"async\" src=\"\/wp-content\/uploads\/2024\/01\/ssm-group-logo-icon.svg\" style=\"opacity:0.1;position:absolute;left:-50vw;z-index:-1;\">\n\n\n\n<div style=\"height:100px\" aria-hidden=\"true\" class=\"wp-block-spacer\"><\/div>\n\n\n\n<div class=\"wp-block-group is-style-container\">\n<p class=\"has-text-align-center has-palette-4-color has-text-color has-link-color has-small-font-size wp-elements-751bef9e7084eef3875eb9a6ddfab8df\"><strong>ENVIRONMENT<\/strong><\/p>\n<\/div>\n\n\n\n<div style=\"height:40px\" aria-hidden=\"true\" class=\"wp-block-spacer\"><\/div>\n\n\n\n<div class=\"wp-block-group is-style-container\">\n<div class=\"wp-block-columns TwoColumnAnimations\">\n<div class=\"wp-block-column TwoColumnAnimationsLeft\" style=\"flex-basis:33.33%\">\n<figure class=\"wp-block-image size-full\"><img loading=\"lazy\" decoding=\"async\" width=\"900\" height=\"900\" src=\"https:\/\/www.mobilofficefurniture.it\/wp-content\/uploads\/2024\/01\/environment-Mobil-Office-Furniture.jpg\" alt=\"\" class=\"wp-image-63\" srcset=\"https:\/\/www.mobilofficefurniture.it\/wp-content\/uploads\/2024\/01\/environment-Mobil-Office-Furniture.jpg 900w, https:\/\/www.mobilofficefurniture.it\/wp-content\/uploads\/2024\/01\/environment-Mobil-Office-Furniture-150x150.jpg 150w, https:\/\/www.mobilofficefurniture.it\/wp-content\/uploads\/2024\/01\/environment-Mobil-Office-Furniture-768x768.jpg 768w, https:\/\/www.mobilofficefurniture.it\/wp-content\/uploads\/2024\/01\/environment-Mobil-Office-Furniture-600x600.jpg 600w\" sizes=\"auto, (max-width: 900px) 100vw, 900px\" \/><\/figure>\n<\/div>\n\n\n\n<div class=\"wp-block-column TwoColumnAnimationsRight\" style=\"flex-basis:66.66%\">\n<div style=\"height:20px\" aria-hidden=\"true\" class=\"wp-block-spacer\"><\/div>\n\n\n\n<p class=\"has-large-font-size\">Notre r\u00e9gion est une terre riche.<\/p>\n\n\n\n<p class=\"has-large-font-size\">Architectes c\u00e9l\u00e8bres et artisans capables, peintres et sculpteurs raffin\u00e9s sont n\u00e9s ici.<\/p>\n\n\n\n<div style=\"height:50px\" aria-hidden=\"true\" class=\"wp-block-spacer\"><\/div>\n\n\n\n<div class=\"wp-block-buttons\">\n<div class=\"wp-block-button is-style-BtnWithArrow\"><a class=\"wp-block-button__link has-black-color has-text-color has-background has-link-color wp-element-button\" href=\"https:\/\/www.mobilofficefurniture.it\/fr\/entreprise\/\" style=\"background-color:#ffffff00\"><strong>En savoir plus<\/strong><\/a><\/div>\n<\/div>\n<\/div>\n<\/div>\n<\/div>\n\n\n\n<div style=\"height:100px\" aria-hidden=\"true\" class=\"wp-block-spacer\"><\/div>\n\n\n\n<div class=\"wp-block-group has-black-background-color has-background\">\n<div class=\"wp-block-group is-style-container\">\n<div style=\"height:40px\" aria-hidden=\"true\" class=\"wp-block-spacer\"><\/div>\n\n\n\n<p class=\"has-text-align-center has-white-color has-text-color has-link-color has-small-font-size wp-elements-0db37269e59b5c91c7763eed62a6117c\"><strong>MOBILOFFICE NEWS<\/strong><\/p>\n\n\n\n<div style=\"height:40px\" aria-hidden=\"true\" class=\"wp-block-spacer\"><\/div>\n\n\n\t\t<div class=\"row justify-content-center\">\n\t\t\t\t\t<div class=\"col-12 col-lg-4 is_the_post_detail_wrapper\">\n\t\t\t\t<div class=\"is_the_post_detail\">\n\t\t\t\t\t<a href=\"https:\/\/www.mobilofficefurniture.it\/fr\/catalogue-mobil-office-furniture\/\">\n\t\t\t\t\t\t<div class=\"entry-image\"><img decoding=\"async\" src=\"https:\/\/www.mobilofficefurniture.it\/wp-content\/uploads\/2024\/01\/Ambiente-Spagnol-Quadro-07_i4-800x600.jpg\"><\/img><\/div>\n\t\t\t\t\t\t<div class=\"entry-news-wrapper\">\n\t\t\t\t\t\t\t<div class=\"entry-date\">09 Jan 2024<\/div>\n\t\t\t\t\t\t\t<div class=\"entry-header\"><h3>Catalogue Mobil Office Furniture<\/h3><\/div>\n\t\t\t\t\t\t\t<div class=\"entry-content\">\n\t\t\t\t\t\t\t\tT\u00e9l\u00e9chargez le nouveau catalogue maintenant\t\t\t\t\t\t\t<\/div>\n\t\t\t\t\t\t\t<div class=\"the_post_link is-style-BtnWithArrow\"><div>En savoir plus<\/div><\/div>\n\t\t\t\t\t\t<\/div>\n\t\t\t\t\t<\/a>\n\t\t\t\t<\/div>\n\t\t\t<\/div>\n\t\t\t\t\t<\/div>\n\t\t\n\n\n\n<div style=\"height:40px\" aria-hidden=\"true\" class=\"wp-block-spacer\"><\/div>\n\n\n\n<div class=\"wp-block-buttons AlignCenter\">\n<div class=\"wp-block-button is-style-outline is-style-outline--1\"><a class=\"wp-block-button__link has-black-color has-white-background-color has-text-color has-background has-link-color wp-element-button\" href=\"https:\/\/www.mobilofficefurniture.it\/fr\/news\/\"><strong>Voir plus<\/strong><\/a><\/div>\n<\/div>\n\n\n\n<div style=\"height:40px\" aria-hidden=\"true\" class=\"wp-block-spacer\"><\/div>\n<\/div>\n<\/div>\n","protected":false},"excerpt":{"rendered":"<p>Syst\u00e8me de fournitures soit de bureau directionnelles que op\u00e9rat-ionnelles \u00ab\u00a0Mobil Office Furniture est sp\u00e9cialis\u00e9e dans la production de syst\u00e8me de fournitures soit de bureau directionnelles que op\u00e9rat-ionnelles\u00a0\u00bb Design et concept 100% made in Italy Chaque produits est projet\u00e9e, con\u00e7us et r\u00e9alis\u00e9e totalement en Italie pour assurer un \u00e9lev\u00e9 stan-dard qualitatif, avec un know-how technologique unique, [&hellip;]<\/p>\n","protected":false},"author":1,"featured_media":0,"parent":0,"menu_order":8,"comment_status":"closed","ping_status":"closed","template":"","meta":{"_acf_changed":false,"inline_featured_image":false,"footnotes":""},"class_list":["post-1016","page","type-page","status-publish","hentry"],"acf":[],"yoast_head":"<title>Mobil Office Furniture - Syst\u00e8me de fournitures soit de bureau directionnelles que op\u00e9rat-ionnelles<\/title>\n<meta name=\"description\" content=\"Mobil Office Furniture est sp\u00e9cialis\u00e9e dans la production de syst\u00e8me de fournitures soit de bureau directionnelles que op\u00e9rat-ionnelles, il produite et r\u00e9alise syst\u00e8mes de s\u00e9paration d\u2019espace et donne des projet \u201ccl\u00e9s en main\u201d soit aux \u00e9tablissements priv\u00e9 que public, en Italie et \u00e0 l\u2019\u00e9tranger.\" \/>\n<meta name=\"robots\" content=\"index, follow, max-snippet:-1, max-image-preview:large, max-video-preview:-1\" \/>\n<link rel=\"canonical\" href=\"https:\/\/www.mobilofficefurniture.it\/fr\/\" \/>\n<meta property=\"og:locale\" content=\"fr_FR\" \/>\n<meta property=\"og:type\" content=\"article\" \/>\n<meta property=\"og:title\" content=\"Mobil Office Furniture - Syst\u00e8me de fournitures soit de bureau directionnelles que op\u00e9rat-ionnelles\" \/>\n<meta property=\"og:description\" content=\"Mobil Office Furniture est sp\u00e9cialis\u00e9e dans la production de syst\u00e8me de fournitures soit de bureau directionnelles que op\u00e9rat-ionnelles, il produite et r\u00e9alise syst\u00e8mes de s\u00e9paration d\u2019espace et donne des projet \u201ccl\u00e9s en main\u201d soit aux \u00e9tablissements priv\u00e9 que public, en Italie et \u00e0 l\u2019\u00e9tranger.\" \/>\n<meta property=\"og:url\" content=\"https:\/\/www.mobilofficefurniture.it\/fr\/\" \/>\n<meta property=\"og:site_name\" content=\"Mobil Office Furniture\" \/>\n<meta property=\"article:modified_time\" content=\"2024-01-16T13:10:35+00:00\" \/>\n<meta property=\"og:image\" content=\"https:\/\/www.mobilofficefurniture.it\/wp-content\/uploads\/2024\/01\/Sistemi-arredo-per-uffici-direzionali-e-operativi.jpg\" \/>\n<meta name=\"twitter:card\" content=\"summary_large_image\" \/>\n<script type=\"application\/ld+json\" class=\"yoast-schema-graph\">{\"@context\":\"https:\/\/schema.org\",\"@graph\":[{\"@type\":\"WebPage\",\"@id\":\"https:\/\/www.mobilofficefurniture.it\/fr\/\",\"url\":\"https:\/\/www.mobilofficefurniture.it\/fr\/\",\"name\":\"Mobil Office Furniture - Syst\u00e8me de fournitures soit de bureau directionnelles que op\u00e9rat-ionnelles\",\"isPartOf\":{\"@id\":\"https:\/\/www.mobilofficefurniture.it\/fr\/#website\"},\"primaryImageOfPage\":{\"@id\":\"https:\/\/www.mobilofficefurniture.it\/fr\/#primaryimage\"},\"image\":{\"@id\":\"https:\/\/www.mobilofficefurniture.it\/fr\/#primaryimage\"},\"thumbnailUrl\":\"https:\/\/www.mobilofficefurniture.it\/wp-content\/uploads\/2024\/01\/Sistemi-arredo-per-uffici-direzionali-e-operativi.jpg\",\"datePublished\":\"2024-01-08T14:17:56+00:00\",\"dateModified\":\"2024-01-16T13:10:35+00:00\",\"description\":\"Mobil Office Furniture est sp\u00e9cialis\u00e9e dans la production de syst\u00e8me de fournitures soit de bureau directionnelles que op\u00e9rat-ionnelles, il produite et r\u00e9alise syst\u00e8mes de s\u00e9paration d\u2019espace et donne des projet \u201ccl\u00e9s en main\u201d soit aux \u00e9tablissements priv\u00e9 que public, en Italie et \u00e0 l\u2019\u00e9tranger.\",\"breadcrumb\":{\"@id\":\"https:\/\/www.mobilofficefurniture.it\/fr\/#breadcrumb\"},\"inLanguage\":\"fr-FR\",\"potentialAction\":[{\"@type\":\"ReadAction\",\"target\":[\"https:\/\/www.mobilofficefurniture.it\/fr\/\"]}]},{\"@type\":\"ImageObject\",\"inLanguage\":\"fr-FR\",\"@id\":\"https:\/\/www.mobilofficefurniture.it\/fr\/#primaryimage\",\"url\":\"https:\/\/www.mobilofficefurniture.it\/wp-content\/uploads\/2024\/01\/Sistemi-arredo-per-uffici-direzionali-e-operativi.jpg\",\"contentUrl\":\"https:\/\/www.mobilofficefurniture.it\/wp-content\/uploads\/2024\/01\/Sistemi-arredo-per-uffici-direzionali-e-operativi.jpg\"},{\"@type\":\"BreadcrumbList\",\"@id\":\"https:\/\/www.mobilofficefurniture.it\/fr\/#breadcrumb\",\"itemListElement\":[{\"@type\":\"ListItem\",\"position\":1,\"name\":\"Home\",\"item\":\"https:\/\/www.mobilofficefurniture.it\/fr\/\"},{\"@type\":\"ListItem\",\"position\":2,\"name\":\"Homepage\"}]},{\"@type\":\"WebSite\",\"@id\":\"https:\/\/www.mobilofficefurniture.it\/fr\/#website\",\"url\":\"https:\/\/www.mobilofficefurniture.it\/fr\/\",\"name\":\"Mobile Office Furniture\",\"description\":\"Sistemi d\u2019arredo per uffici direzionali e operativi\",\"publisher\":{\"@id\":\"https:\/\/www.mobilofficefurniture.it\/fr\/#organization\"},\"alternateName\":\"Mobile Office Furniture - Sistemi d\u2019arredo per uffici direzionali e operativi\",\"potentialAction\":[{\"@type\":\"SearchAction\",\"target\":{\"@type\":\"EntryPoint\",\"urlTemplate\":\"https:\/\/www.mobilofficefurniture.it\/fr\/?s={search_term_string}\"},\"query-input\":{\"@type\":\"PropertyValueSpecification\",\"valueRequired\":true,\"valueName\":\"search_term_string\"}}],\"inLanguage\":\"fr-FR\"},{\"@type\":\"Organization\",\"@id\":\"https:\/\/www.mobilofficefurniture.it\/fr\/#organization\",\"name\":\"Mobile Office Furniture\",\"url\":\"https:\/\/www.mobilofficefurniture.it\/fr\/\",\"logo\":{\"@type\":\"ImageObject\",\"inLanguage\":\"fr-FR\",\"@id\":\"https:\/\/www.mobilofficefurniture.it\/fr\/#\/schema\/logo\/image\/\",\"url\":\"https:\/\/www.mobilofficefurniture.it\/wp-content\/uploads\/2024\/01\/mobilofficefurniture-logo.svg\",\"contentUrl\":\"https:\/\/www.mobilofficefurniture.it\/wp-content\/uploads\/2024\/01\/mobilofficefurniture-logo.svg\",\"width\":300,\"height\":32,\"caption\":\"Mobile Office Furniture\"},\"image\":{\"@id\":\"https:\/\/www.mobilofficefurniture.it\/fr\/#\/schema\/logo\/image\/\"}}]}<\/script>","yoast_head_json":{"title":"Mobil Office Furniture - Syst\u00e8me de fournitures soit de bureau directionnelles que op\u00e9rat-ionnelles","description":"Mobil Office Furniture est sp\u00e9cialis\u00e9e dans la production de syst\u00e8me de fournitures soit de bureau directionnelles que op\u00e9rat-ionnelles, il produite et r\u00e9alise syst\u00e8mes de s\u00e9paration d\u2019espace et donne des projet \u201ccl\u00e9s en main\u201d soit aux \u00e9tablissements priv\u00e9 que public, en Italie et \u00e0 l\u2019\u00e9tranger.","robots":{"index":"index","follow":"follow","max-snippet":"max-snippet:-1","max-image-preview":"max-image-preview:large","max-video-preview":"max-video-preview:-1"},"canonical":"https:\/\/www.mobilofficefurniture.it\/fr\/","og_locale":"fr_FR","og_type":"article","og_title":"Mobil Office Furniture - Syst\u00e8me de fournitures soit de bureau directionnelles que op\u00e9rat-ionnelles","og_description":"Mobil Office Furniture est sp\u00e9cialis\u00e9e dans la production de syst\u00e8me de fournitures soit de bureau directionnelles que op\u00e9rat-ionnelles, il produite et r\u00e9alise syst\u00e8mes de s\u00e9paration d\u2019espace et donne des projet \u201ccl\u00e9s en main\u201d soit aux \u00e9tablissements priv\u00e9 que public, en Italie et \u00e0 l\u2019\u00e9tranger.","og_url":"https:\/\/www.mobilofficefurniture.it\/fr\/","og_site_name":"Mobil Office Furniture","article_modified_time":"2024-01-16T13:10:35+00:00","og_image":[{"url":"https:\/\/www.mobilofficefurniture.it\/wp-content\/uploads\/2024\/01\/Sistemi-arredo-per-uffici-direzionali-e-operativi.jpg","type":"","width":"","height":""}],"twitter_card":"summary_large_image","schema":{"@context":"https:\/\/schema.org","@graph":[{"@type":"WebPage","@id":"https:\/\/www.mobilofficefurniture.it\/fr\/","url":"https:\/\/www.mobilofficefurniture.it\/fr\/","name":"Mobil Office Furniture - Syst\u00e8me de fournitures soit de bureau directionnelles que op\u00e9rat-ionnelles","isPartOf":{"@id":"https:\/\/www.mobilofficefurniture.it\/fr\/#website"},"primaryImageOfPage":{"@id":"https:\/\/www.mobilofficefurniture.it\/fr\/#primaryimage"},"image":{"@id":"https:\/\/www.mobilofficefurniture.it\/fr\/#primaryimage"},"thumbnailUrl":"https:\/\/www.mobilofficefurniture.it\/wp-content\/uploads\/2024\/01\/Sistemi-arredo-per-uffici-direzionali-e-operativi.jpg","datePublished":"2024-01-08T14:17:56+00:00","dateModified":"2024-01-16T13:10:35+00:00","description":"Mobil Office Furniture est sp\u00e9cialis\u00e9e dans la production de syst\u00e8me de fournitures soit de bureau directionnelles que op\u00e9rat-ionnelles, il produite et r\u00e9alise syst\u00e8mes de s\u00e9paration d\u2019espace et donne des projet \u201ccl\u00e9s en main\u201d soit aux \u00e9tablissements priv\u00e9 que public, en Italie et \u00e0 l\u2019\u00e9tranger.","breadcrumb":{"@id":"https:\/\/www.mobilofficefurniture.it\/fr\/#breadcrumb"},"inLanguage":"fr-FR","potentialAction":[{"@type":"ReadAction","target":["https:\/\/www.mobilofficefurniture.it\/fr\/"]}]},{"@type":"ImageObject","inLanguage":"fr-FR","@id":"https:\/\/www.mobilofficefurniture.it\/fr\/#primaryimage","url":"https:\/\/www.mobilofficefurniture.it\/wp-content\/uploads\/2024\/01\/Sistemi-arredo-per-uffici-direzionali-e-operativi.jpg","contentUrl":"https:\/\/www.mobilofficefurniture.it\/wp-content\/uploads\/2024\/01\/Sistemi-arredo-per-uffici-direzionali-e-operativi.jpg"},{"@type":"BreadcrumbList","@id":"https:\/\/www.mobilofficefurniture.it\/fr\/#breadcrumb","itemListElement":[{"@type":"ListItem","position":1,"name":"Home","item":"https:\/\/www.mobilofficefurniture.it\/fr\/"},{"@type":"ListItem","position":2,"name":"Homepage"}]},{"@type":"WebSite","@id":"https:\/\/www.mobilofficefurniture.it\/fr\/#website","url":"https:\/\/www.mobilofficefurniture.it\/fr\/","name":"Mobile Office Furniture","description":"Sistemi d\u2019arredo per uffici direzionali e operativi","publisher":{"@id":"https:\/\/www.mobilofficefurniture.it\/fr\/#organization"},"alternateName":"Mobile Office Furniture - Sistemi d\u2019arredo per uffici direzionali e operativi","potentialAction":[{"@type":"SearchAction","target":{"@type":"EntryPoint","urlTemplate":"https:\/\/www.mobilofficefurniture.it\/fr\/?s={search_term_string}"},"query-input":{"@type":"PropertyValueSpecification","valueRequired":true,"valueName":"search_term_string"}}],"inLanguage":"fr-FR"},{"@type":"Organization","@id":"https:\/\/www.mobilofficefurniture.it\/fr\/#organization","name":"Mobile Office Furniture","url":"https:\/\/www.mobilofficefurniture.it\/fr\/","logo":{"@type":"ImageObject","inLanguage":"fr-FR","@id":"https:\/\/www.mobilofficefurniture.it\/fr\/#\/schema\/logo\/image\/","url":"https:\/\/www.mobilofficefurniture.it\/wp-content\/uploads\/2024\/01\/mobilofficefurniture-logo.svg","contentUrl":"https:\/\/www.mobilofficefurniture.it\/wp-content\/uploads\/2024\/01\/mobilofficefurniture-logo.svg","width":300,"height":32,"caption":"Mobile Office Furniture"},"image":{"@id":"https:\/\/www.mobilofficefurniture.it\/fr\/#\/schema\/logo\/image\/"}}]}},"_links":{"self":[{"href":"https:\/\/www.mobilofficefurniture.it\/fr\/wp-json\/wp\/v2\/pages\/1016","targetHints":{"allow":["GET"]}}],"collection":[{"href":"https:\/\/www.mobilofficefurniture.it\/fr\/wp-json\/wp\/v2\/pages"}],"about":[{"href":"https:\/\/www.mobilofficefurniture.it\/fr\/wp-json\/wp\/v2\/types\/page"}],"author":[{"embeddable":true,"href":"https:\/\/www.mobilofficefurniture.it\/fr\/wp-json\/wp\/v2\/users\/1"}],"replies":[{"embeddable":true,"href":"https:\/\/www.mobilofficefurniture.it\/fr\/wp-json\/wp\/v2\/comments?post=1016"}],"version-history":[{"count":9,"href":"https:\/\/www.mobilofficefurniture.it\/fr\/wp-json\/wp\/v2\/pages\/1016\/revisions"}],"predecessor-version":[{"id":1224,"href":"https:\/\/www.mobilofficefurniture.it\/fr\/wp-json\/wp\/v2\/pages\/1016\/revisions\/1224"}],"wp:attachment":[{"href":"https:\/\/www.mobilofficefurniture.it\/fr\/wp-json\/wp\/v2\/media?parent=1016"}],"curies":[{"name":"wp","href":"https:\/\/api.w.org\/{rel}","templated":true}]}}